{"id":79865,"date":"2026-05-11T10:01:35","date_gmt":"2026-05-11T08:01:35","guid":{"rendered":"https:\/\/nanukclothing.com\/?post_type=product&#038;p=79865"},"modified":"2026-05-11T10:53:18","modified_gmt":"2026-05-11T08:53:18","slug":"bamboo-mint-bear-poncho-kids","status":"publish","type":"product","link":"https:\/\/nanukclothing.com\/en\/produkt\/bamboo-mint-bear-poncho-kids\/","title":{"rendered":"Bamboo Mint bear poncho kids"},"content":{"rendered":"<p>Doprajte de\u0165om pohodlie, ktor\u00e9 si zamiluj\u00fa na prv\u00e9 oble\u010denie.<\/p>\n<p>Bamboo Mint bear pon\u010do kids je vyroben\u00e9 z jemn\u00e9ho bambusov\u00e9ho materi\u00e1lu, ktor\u00fd je hebk\u00fd, m\u00e4kk\u00fd a pr\u00edjemn\u00fd na dotyk. V\u010faka kvalitn\u00e9mu spracovaniu si zachov\u00e1 svoj tvar aj m\u00e4kkos\u0165 aj po mnoh\u00fdch praniach, tak\u017ee vydr\u017e\u00ed de\u0165om viac sez\u00f3n a st\u00e1le vyzer\u00e1 ako nov\u00e9.<\/p>\n<p>Pon\u010do je praktick\u00fd a v\u0161estrann\u00fd k\u00fasok na leto aj celoro\u010dn\u00e9 vyu\u017eitie \u2013 skvelo posl\u00fa\u017ei po k\u00fapan\u00ed pri mori, baz\u00e9ne \u010di rybn\u00edku, na dovolenke, cestovan\u00ed, ale aj doma po vani alebo po\u010das pohodov\u00fdch dn\u00ed.<\/p>\n<p>Vybra\u0165 si m\u00f4\u017eete hrav\u00fa verziu s u\u0161kami alebo minimalistick\u00e9 prevedenie bez u\u0161iek.<\/p>\n<p>Bamboo Mint bear poncho kids je vyroben\u00e9 z 90 % bambusu a 10 % polyesteru.<\/p>\n<p>Ve\u013ekosti:<\/p>\n<p>M: 2 \u2013 5 rokov<\/p>\n<p>L: 6 \u2013 11 rokov<\/p>\n<div class=\"yj6qo\"><\/div>\n","protected":false},"excerpt":{"rendered":"<p>Doprajte de\u0165om pohodlie, ktor\u00e9 si zamiluj\u00fa na prv\u00e9 oble\u010denie.<\/p>\n<p>Bamboo Mint bear pon\u010do kids je vyroben\u00e9 z jemn\u00e9ho bambusov\u00e9ho materi\u00e1lu, ktor\u00fd je hebk\u00fd, m\u00e4kk\u00fd a pr\u00edjemn\u00fd na dotyk. V\u010faka kvalitn\u00e9mu spracovaniu si zachov\u00e1 svoj tvar aj m\u00e4kkos\u0165 aj po mnoh\u00fdch praniach, tak\u017ee vydr\u017e\u00ed de\u0165om viac sez\u00f3n a st\u00e1le vyzer\u00e1 ako nov\u00e9.<\/p>\n<p>Pon\u010do je praktick\u00fd a v\u0161estrann\u00fd k\u00fasok na leto aj celoro\u010dn\u00e9 vyu\u017eitie \u2013 skvelo posl\u00fa\u017ei po k\u00fapan\u00ed pri mori, baz\u00e9ne \u010di rybn\u00edku, na dovolenke, cestovan\u00ed, ale aj doma po vani alebo po\u010das pohodov\u00fdch dn\u00ed.<\/p>\n<p>Vybra\u0165 si m\u00f4\u017eete hrav\u00fa verziu s u\u0161kami alebo minimalistick\u00e9 prevedenie bez u\u0161iek.<\/p>\n<p>Bamboo Mint bear poncho kids je vyroben\u00e9 z 90 % bambusu a 10 % polyesteru.<\/p>\n<p>Ve\u013ekosti:<\/p>\n<p>M: 2 \u2013 5 rokov<\/p>\n<p>L: 6 \u2013 11 rokov<\/p>\n","protected":false},"featured_media":79841,"comment_status":"open","ping_status":"closed","template":"","meta":{"_acf_changed":false},"product_brand":[],"product_cat":[1002,41],"product_tag":[],"class_list":{"0":"post-79865","1":"product","2":"type-product","3":"status-publish","4":"has-post-thumbnail","6":"product_cat-detske-ponca","7":"product_cat-deti-2","8":"pa_size-1-5-year","9":"pa_size-5-12-year","11":"first","12":"instock","13":"shipping-taxable","14":"purchasable","15":"product-type-variable"},"acf":[],"_links":{"self":[{"href":"https:\/\/nanukclothing.com\/en\/wp-json\/wp\/v2\/product\/79865","targetHints":{"allow":["GET"]}}],"collection":[{"href":"https:\/\/nanukclothing.com\/en\/wp-json\/wp\/v2\/product"}],"about":[{"href":"https:\/\/nanukclothing.com\/en\/wp-json\/wp\/v2\/types\/product"}],"replies":[{"embeddable":true,"href":"https:\/\/nanukclothing.com\/en\/wp-json\/wp\/v2\/comments?post=79865"}],"wp:featuredmedia":[{"embeddable":true,"href":"https:\/\/nanukclothing.com\/en\/wp-json\/wp\/v2\/media\/79841"}],"wp:attachment":[{"href":"https:\/\/nanukclothing.com\/en\/wp-json\/wp\/v2\/media?parent=79865"}],"wp:term":[{"taxonomy":"product_brand","embeddable":true,"href":"https:\/\/nanukclothing.com\/en\/wp-json\/wp\/v2\/product_brand?post=79865"},{"taxonomy":"product_cat","embeddable":true,"href":"https:\/\/nanukclothing.com\/en\/wp-json\/wp\/v2\/product_cat?post=79865"},{"taxonomy":"product_tag","embeddable":true,"href":"https:\/\/nanukclothing.com\/en\/wp-json\/wp\/v2\/product_tag?post=79865"}],"curies":[{"name":"wp","href":"https:\/\/api.w.org\/{rel}","templated":true}]}}