{"id":79637,"date":"2026-04-09T19:15:03","date_gmt":"2026-04-09T17:15:03","guid":{"rendered":"https:\/\/nanukclothing.com\/?post_type=product&#038;p=79637"},"modified":"2026-04-19T09:27:37","modified_gmt":"2026-04-19T07:27:37","slug":"light-old-pink-bear-headband","status":"publish","type":"product","link":"https:\/\/nanukclothing.com\/en\/produkt\/light-old-pink-bear-headband\/","title":{"rendered":"Light old pink bear headband"},"content":{"rendered":"<p>Dvojvrstvov\u00e1 u\u0161at\u00e1 \u010delenka z organickej bavlny. Pr\u00edjemn\u00e1 a hebk\u00e1 na dotyk.<\/p>\n<p>Zlo\u017eenie: 85% bavlna<\/p>\n<p>15% elastan<\/p>\n<p>Velkos\u0165 1-5 year ( do 51cm)<\/p>\n<p>5-12 year ( od 51 \u2013 56 cm)<\/p>\n","protected":false},"excerpt":{"rendered":"<p>Dvojvrstvov\u00e1 u\u0161at\u00e1 \u010delenka z organickej bavlny. Pr\u00edjemn\u00e1 a hebk\u00e1 na dotyk.<\/p>\n<p>Zlo\u017eenie: 85% bavlna<\/p>\n<p>15% elastan<\/p>\n<p>Velkos\u0165 1-5 year ( do 51cm)<\/p>\n<p>5-12 year ( od 51 \u2013 56 cm)<\/p>\n","protected":false},"featured_media":79580,"comment_status":"open","ping_status":"closed","template":"","meta":{"_acf_changed":false},"product_brand":[],"product_cat":[1001,41],"product_tag":[],"class_list":{"0":"post-79637","1":"product","2":"type-product","3":"status-publish","4":"has-post-thumbnail","6":"product_cat-detske-celenky","7":"product_cat-deti-2","8":"pa_size-1-5-year","9":"pa_size-5-12-year","11":"first","12":"instock","13":"sale","14":"shipping-taxable","15":"purchasable","16":"product-type-variable"},"acf":[],"_links":{"self":[{"href":"https:\/\/nanukclothing.com\/en\/wp-json\/wp\/v2\/product\/79637","targetHints":{"allow":["GET"]}}],"collection":[{"href":"https:\/\/nanukclothing.com\/en\/wp-json\/wp\/v2\/product"}],"about":[{"href":"https:\/\/nanukclothing.com\/en\/wp-json\/wp\/v2\/types\/product"}],"replies":[{"embeddable":true,"href":"https:\/\/nanukclothing.com\/en\/wp-json\/wp\/v2\/comments?post=79637"}],"wp:featuredmedia":[{"embeddable":true,"href":"https:\/\/nanukclothing.com\/en\/wp-json\/wp\/v2\/media\/79580"}],"wp:attachment":[{"href":"https:\/\/nanukclothing.com\/en\/wp-json\/wp\/v2\/media?parent=79637"}],"wp:term":[{"taxonomy":"product_brand","embeddable":true,"href":"https:\/\/nanukclothing.com\/en\/wp-json\/wp\/v2\/product_brand?post=79637"},{"taxonomy":"product_cat","embeddable":true,"href":"https:\/\/nanukclothing.com\/en\/wp-json\/wp\/v2\/product_cat?post=79637"},{"taxonomy":"product_tag","embeddable":true,"href":"https:\/\/nanukclothing.com\/en\/wp-json\/wp\/v2\/product_tag?post=79637"}],"curies":[{"name":"wp","href":"https:\/\/api.w.org\/{rel}","templated":true}]}}