{"id":78837,"date":"2025-11-30T22:14:53","date_gmt":"2025-11-30T21:14:53","guid":{"rendered":"https:\/\/nanukclothing.com\/?post_type=product&#038;p=78837"},"modified":"2026-04-18T02:01:24","modified_gmt":"2026-04-18T00:01:24","slug":"baby-teddy-bear-cute-khaki","status":"publish","type":"product","link":"https:\/\/nanukclothing.com\/en\/produkt\/baby-teddy-bear-cute-khaki\/","title":{"rendered":"BABY TEDDY &#038; BEAR \u2013 cute khaki"},"content":{"rendered":"<p>Doprajte si aj vy jedn\u00e9ho medved\u00edka na doma.<\/p>\n<p>Novinka \u2013 medvedie u\u0161k\u00e1 .<\/p>\n<p>M\u00e4ku\u010dk\u00e1 kukli\u010dka , ktor\u00e1 chr\u00e1ni krk aj tv\u00e1r pred zimou. Je z pr\u00edjemn\u00e9ho hebk\u00e9ho fleecov\u00e9ho materi\u00e1lu . Mo\u017enos\u0165 stiahnutia pomocou brzdi\u010dky na \u0161n\u00farke.<\/p>\n<p>Ve\u013ekos\u0165 :<\/p>\n<p>S \u2013 od 1 do 3 rokov<\/p>\n<p>M \u2013 od 4 do 6 rokov<\/p>\n<p>L \u2013 od 6 do 11 rokov<\/p>\n<p>XL \u2013 na helmu<\/p>\n","protected":false},"excerpt":{"rendered":"<p>Doprajte si aj vy jedn\u00e9ho medved\u00edka na doma.<\/p>\n<p>Novinka \u2013 medvedie u\u0161k\u00e1 .<\/p>\n<p>M\u00e4ku\u010dk\u00e1 kukli\u010dka , ktor\u00e1 chr\u00e1ni krk aj tv\u00e1r pred zimou. Je z pr\u00edjemn\u00e9ho hebk\u00e9ho fleecov\u00e9ho materi\u00e1lu . Mo\u017enos\u0165 stiahnutia pomocou brzdi\u010dky na \u0161n\u00farke.<\/p>\n<p>Ve\u013ekos\u0165 :<\/p>\n<p>S \u2013 od 1 do 3 rokov<\/p>\n<p>M \u2013 od 4 do 6 rokov<\/p>\n<p>L \u2013 od 6 do 11 rokov<\/p>\n<p>XL \u2013 na helmu<\/p>\n","protected":false},"featured_media":78858,"comment_status":"open","ping_status":"closed","template":"","meta":{"_acf_changed":false},"product_brand":[],"product_cat":[1003,1000,66,41],"product_tag":[],"class_list":{"0":"post-78837","1":"product","2":"type-product","3":"status-publish","4":"has-post-thumbnail","6":"product_cat-detske","7":"product_cat-detske-kukly","8":"product_cat-kukly","9":"product_cat-deti-2","10":"pa_size-l-en","11":"pa_size-m","12":"pa_size-s","13":"pa_size-xl","15":"first","16":"instock","17":"shipping-taxable","18":"purchasable","19":"product-type-variable"},"acf":[],"_links":{"self":[{"href":"https:\/\/nanukclothing.com\/en\/wp-json\/wp\/v2\/product\/78837","targetHints":{"allow":["GET"]}}],"collection":[{"href":"https:\/\/nanukclothing.com\/en\/wp-json\/wp\/v2\/product"}],"about":[{"href":"https:\/\/nanukclothing.com\/en\/wp-json\/wp\/v2\/types\/product"}],"replies":[{"embeddable":true,"href":"https:\/\/nanukclothing.com\/en\/wp-json\/wp\/v2\/comments?post=78837"}],"wp:featuredmedia":[{"embeddable":true,"href":"https:\/\/nanukclothing.com\/en\/wp-json\/wp\/v2\/media\/78858"}],"wp:attachment":[{"href":"https:\/\/nanukclothing.com\/en\/wp-json\/wp\/v2\/media?parent=78837"}],"wp:term":[{"taxonomy":"product_brand","embeddable":true,"href":"https:\/\/nanukclothing.com\/en\/wp-json\/wp\/v2\/product_brand?post=78837"},{"taxonomy":"product_cat","embeddable":true,"href":"https:\/\/nanukclothing.com\/en\/wp-json\/wp\/v2\/product_cat?post=78837"},{"taxonomy":"product_tag","embeddable":true,"href":"https:\/\/nanukclothing.com\/en\/wp-json\/wp\/v2\/product_tag?post=78837"}],"curies":[{"name":"wp","href":"https:\/\/api.w.org\/{rel}","templated":true}]}}