{"id":78710,"date":"2025-11-19T12:07:32","date_gmt":"2025-11-19T11:07:32","guid":{"rendered":"https:\/\/nanukclothing.com\/?post_type=product&#038;p=78710"},"modified":"2026-04-08T14:06:41","modified_gmt":"2026-04-08T12:06:41","slug":"pink-softsheel-hood-polar-bear","status":"publish","type":"product","link":"https:\/\/nanukclothing.com\/en\/produkt\/pink-softsheel-hood-polar-bear\/","title":{"rendered":"Pink Softsheel Hood -Polar Bear"},"content":{"rendered":"<p>Softsheelov\u00e1 vetru a vode odoln\u00e1 kukla v\u00e1s ochr\u00e1ni pred zimou a udr\u017e\u00ed v\u00e1s v tepl\u00fa\u010dku. T\u00e1to kukla vyroben\u00e1 z elastick\u00e9ho softsheelu a je pod\u0161it\u00e1 tenk\u00fdm feecom. Mo\u017enos\u0165 stiahnutia pomocou brzdi\u010dky na \u0161n\u00farke.<\/p>\n<p>Dostupn\u00e1 v dvoch ve\u013ekostiach:<\/p>\n<p>Small \u2013 univerz\u00e1lna<\/p>\n<p>Big- zmest\u00ed sa aj na prilbu\/p\u00e1nska<\/p>\n<p>Zlo\u017eenie : 100% Polyester<\/p>\n<p>Vodn\u00fd st\u013apec: 18.000<\/p>\n<p>Priedu\u0161nos\u0165: 12.000<\/p>\n","protected":false},"excerpt":{"rendered":"<p>Softsheelov\u00e1 vetru a vode odoln\u00e1 kukla v\u00e1s ochr\u00e1ni pred zimou a udr\u017e\u00ed v\u00e1s v tepl\u00fa\u010dku. T\u00e1to kukla vyroben\u00e1 z elastick\u00e9ho softsheelu a je pod\u0161it\u00e1 tenk\u00fdm feecom. Mo\u017enos\u0165 stiahnutia pomocou brzdi\u010dky na \u0161n\u00farke.<\/p>\n<p>Dostupn\u00e1 v dvoch ve\u013ekostiach:<\/p>\n<p>Small \u2013 univerz\u00e1lna<\/p>\n<p>Big- zmest\u00ed sa aj na prilbu\/p\u00e1nska<\/p>\n<p>Zlo\u017eenie : 100% Polyester<\/p>\n<p>Vodn\u00fd st\u013apec: 18.000<\/p>\n<p>Priedu\u0161nos\u0165: 12.000<\/p>\n","protected":false},"featured_media":78648,"comment_status":"open","ping_status":"closed","template":"","meta":{"_acf_changed":false},"product_brand":[],"product_cat":[887,66],"product_tag":[],"class_list":{"0":"post-78710","1":"product","2":"type-product","3":"status-publish","4":"has-post-thumbnail","6":"product_cat-zimne-2","7":"product_cat-kukly","8":"pa_size-big-en","9":"pa_size-small-en","11":"first","12":"instock","13":"shipping-taxable","14":"purchasable","15":"product-type-variable"},"acf":[],"_links":{"self":[{"href":"https:\/\/nanukclothing.com\/en\/wp-json\/wp\/v2\/product\/78710","targetHints":{"allow":["GET"]}}],"collection":[{"href":"https:\/\/nanukclothing.com\/en\/wp-json\/wp\/v2\/product"}],"about":[{"href":"https:\/\/nanukclothing.com\/en\/wp-json\/wp\/v2\/types\/product"}],"replies":[{"embeddable":true,"href":"https:\/\/nanukclothing.com\/en\/wp-json\/wp\/v2\/comments?post=78710"}],"wp:featuredmedia":[{"embeddable":true,"href":"https:\/\/nanukclothing.com\/en\/wp-json\/wp\/v2\/media\/78648"}],"wp:attachment":[{"href":"https:\/\/nanukclothing.com\/en\/wp-json\/wp\/v2\/media?parent=78710"}],"wp:term":[{"taxonomy":"product_brand","embeddable":true,"href":"https:\/\/nanukclothing.com\/en\/wp-json\/wp\/v2\/product_brand?post=78710"},{"taxonomy":"product_cat","embeddable":true,"href":"https:\/\/nanukclothing.com\/en\/wp-json\/wp\/v2\/product_cat?post=78710"},{"taxonomy":"product_tag","embeddable":true,"href":"https:\/\/nanukclothing.com\/en\/wp-json\/wp\/v2\/product_tag?post=78710"}],"curies":[{"name":"wp","href":"https:\/\/api.w.org\/{rel}","templated":true}]}}