{"id":78700,"date":"2025-11-19T11:48:44","date_gmt":"2025-11-19T10:48:44","guid":{"rendered":"https:\/\/nanukclothing.com\/?post_type=product&#038;p=78700"},"modified":"2026-04-08T14:06:58","modified_gmt":"2026-04-08T12:06:58","slug":"powder-finder-bordo-hood","status":"publish","type":"product","link":"https:\/\/nanukclothing.com\/en\/produkt\/powder-finder-bordo-hood\/","title":{"rendered":"Powder Finder Bordo Hood"},"content":{"rendered":"<p>M\u00e4ku\u010dk\u00e1 kukla od Nanuku, ktor\u00e1 chr\u00e1ni krk aj tv\u00e1r pred zimou. T\u00e1to kukla je vyroben\u00e1 z pr\u00edjemn\u00e9ho a hebk\u00e9ho chlpat\u00e9ho fleecu. Mo\u017enos\u0165 stiahnutia pomocou brzdi\u010dky na \u0161n\u00farke. N\u00e1\u0161ivka s na\u0161im horsk\u00fdm mot\u00edvom.<\/p>\n<p>Dostupn\u00e1 v dvoch ve\u013ekostiach:<\/p>\n<p>Small \u2013 univerz\u00e1lna<\/p>\n<p>Big- zmest\u00ed sa aj na prilbu\/p\u00e1nska<\/p>\n<p>Na fotke je ve\u013ekos\u0165 BIG.<\/p>\n","protected":false},"excerpt":{"rendered":"<p>M\u00e4ku\u010dk\u00e1 kukla od Nanuku, ktor\u00e1 chr\u00e1ni krk aj tv\u00e1r pred zimou. T\u00e1to kukla je vyroben\u00e1 z pr\u00edjemn\u00e9ho a hebk\u00e9ho chlpat\u00e9ho fleecu. Mo\u017enos\u0165 stiahnutia pomocou brzdi\u010dky na \u0161n\u00farke. N\u00e1\u0161ivka s na\u0161im horsk\u00fdm mot\u00edvom.<\/p>\n<p>Dostupn\u00e1 v dvoch ve\u013ekostiach:<\/p>\n<p>Small \u2013 univerz\u00e1lna<\/p>\n<p>Big- zmest\u00ed sa aj na prilbu\/p\u00e1nska<\/p>\n<p>Na fotke je ve\u013ekos\u0165 BIG.<\/p>\n","protected":false},"featured_media":78703,"comment_status":"open","ping_status":"closed","template":"","meta":{"_acf_changed":false},"product_brand":[],"product_cat":[887,1010,66],"product_tag":[],"class_list":{"0":"post-78700","1":"product","2":"type-product","3":"status-publish","4":"has-post-thumbnail","6":"product_cat-zimne-2","7":"product_cat-zlavy","8":"product_cat-kukly","9":"pa_size-big","10":"pa_size-small","12":"first","13":"instock","14":"sale","15":"shipping-taxable","16":"purchasable","17":"product-type-variable"},"acf":[],"_links":{"self":[{"href":"https:\/\/nanukclothing.com\/en\/wp-json\/wp\/v2\/product\/78700","targetHints":{"allow":["GET"]}}],"collection":[{"href":"https:\/\/nanukclothing.com\/en\/wp-json\/wp\/v2\/product"}],"about":[{"href":"https:\/\/nanukclothing.com\/en\/wp-json\/wp\/v2\/types\/product"}],"replies":[{"embeddable":true,"href":"https:\/\/nanukclothing.com\/en\/wp-json\/wp\/v2\/comments?post=78700"}],"wp:featuredmedia":[{"embeddable":true,"href":"https:\/\/nanukclothing.com\/en\/wp-json\/wp\/v2\/media\/78703"}],"wp:attachment":[{"href":"https:\/\/nanukclothing.com\/en\/wp-json\/wp\/v2\/media?parent=78700"}],"wp:term":[{"taxonomy":"product_brand","embeddable":true,"href":"https:\/\/nanukclothing.com\/en\/wp-json\/wp\/v2\/product_brand?post=78700"},{"taxonomy":"product_cat","embeddable":true,"href":"https:\/\/nanukclothing.com\/en\/wp-json\/wp\/v2\/product_cat?post=78700"},{"taxonomy":"product_tag","embeddable":true,"href":"https:\/\/nanukclothing.com\/en\/wp-json\/wp\/v2\/product_tag?post=78700"}],"curies":[{"name":"wp","href":"https:\/\/api.w.org\/{rel}","templated":true}]}}