{"id":78578,"date":"2025-11-07T17:44:42","date_gmt":"2025-11-07T16:44:42","guid":{"rendered":"https:\/\/nanukclothing.com\/?post_type=product&#038;p=78578"},"modified":"2026-04-08T14:03:30","modified_gmt":"2026-04-08T12:03:30","slug":"arctic-wolf-hood-silver","status":"publish","type":"product","link":"https:\/\/nanukclothing.com\/en\/produkt\/arctic-wolf-hood-silver\/","title":{"rendered":"Arctic wolf hood -SILVER"},"content":{"rendered":"<div class=\"woocommerce-product-details__short-description\">\n<p>Doprajte si aj vy jedn\u00e9ho medved\u00edka na doma.<\/p>\n<p>Novinka \u2013 medvedie u\u0161k\u00e1 .<\/p>\n<p>M\u00e4ku\u010dk\u00e1 kukli\u010dka , ktor\u00e1 chr\u00e1ni krk aj tv\u00e1r pred zimou. Je z pr\u00edjemn\u00e9ho hebk\u00e9ho fleecov\u00e9ho materi\u00e1lu . Mo\u017enos\u0165 stiahnutia pomocou brzdi\u010dky na \u0161n\u00farke.<\/p>\n<p>N\u00e1\u0161ivka s horsk\u00fdm mot\u00edvom .<\/p>\n<p>Na fotke je ve\u013dkos\u0165 Big<\/p>\n<p>Dostupn\u00e1 v dvoch ve\u013ekostiach:<\/p>\n<p>Small \u2013 univerz\u00e1lna<\/p>\n<p>Big- na helmu \/ p\u00e1nska<\/p>\n<\/div>\n","protected":false},"excerpt":{"rendered":"<div class=\"woocommerce-product-details__short-description\">\n<p>Doprajte si aj vy jedn\u00e9ho medved\u00edka na doma.<\/p>\n<p>Novinka \u2013 medvedie u\u0161k\u00e1 .<\/p>\n<p>M\u00e4ku\u010dk\u00e1 kukli\u010dka , ktor\u00e1 chr\u00e1ni krk aj tv\u00e1r pred zimou. Je z pr\u00edjemn\u00e9ho hebk\u00e9ho fleecov\u00e9ho materi\u00e1lu . Mo\u017enos\u0165 stiahnutia pomocou brzdi\u010dky na \u0161n\u00farke.<\/p>\n<p>N\u00e1\u0161ivka s horsk\u00fdm mot\u00edvom .<\/p>\n<p>Na fotke je ve\u013dkos\u0165 Big<\/p>\n<p>Dostupn\u00e1 v dvoch ve\u013ekostiach:<\/p>\n<p>Small \u2013 univerz\u00e1lna<\/p>\n<p>Big- na helmu \/ p\u00e1nska<\/p>\n<\/div>\n","protected":false},"featured_media":78536,"comment_status":"open","ping_status":"closed","template":"","meta":{"_acf_changed":false},"product_brand":[],"product_cat":[887,66],"product_tag":[],"class_list":{"0":"post-78578","1":"product","2":"type-product","3":"status-publish","4":"has-post-thumbnail","6":"product_cat-zimne-2","7":"product_cat-kukly","8":"pa_size-big","9":"pa_size-small","11":"first","12":"instock","13":"shipping-taxable","14":"purchasable","15":"product-type-variable"},"acf":[],"_links":{"self":[{"href":"https:\/\/nanukclothing.com\/en\/wp-json\/wp\/v2\/product\/78578","targetHints":{"allow":["GET"]}}],"collection":[{"href":"https:\/\/nanukclothing.com\/en\/wp-json\/wp\/v2\/product"}],"about":[{"href":"https:\/\/nanukclothing.com\/en\/wp-json\/wp\/v2\/types\/product"}],"replies":[{"embeddable":true,"href":"https:\/\/nanukclothing.com\/en\/wp-json\/wp\/v2\/comments?post=78578"}],"wp:featuredmedia":[{"embeddable":true,"href":"https:\/\/nanukclothing.com\/en\/wp-json\/wp\/v2\/media\/78536"}],"wp:attachment":[{"href":"https:\/\/nanukclothing.com\/en\/wp-json\/wp\/v2\/media?parent=78578"}],"wp:term":[{"taxonomy":"product_brand","embeddable":true,"href":"https:\/\/nanukclothing.com\/en\/wp-json\/wp\/v2\/product_brand?post=78578"},{"taxonomy":"product_cat","embeddable":true,"href":"https:\/\/nanukclothing.com\/en\/wp-json\/wp\/v2\/product_cat?post=78578"},{"taxonomy":"product_tag","embeddable":true,"href":"https:\/\/nanukclothing.com\/en\/wp-json\/wp\/v2\/product_tag?post=78578"}],"curies":[{"name":"wp","href":"https:\/\/api.w.org\/{rel}","templated":true}]}}