{"id":78565,"date":"2025-11-07T09:41:27","date_gmt":"2025-11-07T08:41:27","guid":{"rendered":"https:\/\/nanukclothing.com\/?post_type=product&#038;p=78565"},"modified":"2026-04-08T14:05:16","modified_gmt":"2026-04-08T12:05:16","slug":"fluffy-gloves-raspberry","status":"publish","type":"product","link":"https:\/\/nanukclothing.com\/en\/produkt\/fluffy-gloves-raspberry\/","title":{"rendered":"FLUFFY GLOVES \u2013raspberry"},"content":{"rendered":"<p>Fluffy Gloves s\u00fa teplu\u010dk\u00e9, makku\u010dk\u00e9, pohodln\u00e9 a z\u00e1rove\u0148 dizajnov\u00e9 rukavi\u010dky.<\/p>\n<p>Dokonale sa hodia k va\u0161ej kukli\u010dke, ked\u017ee s\u00fa u\u0161it\u00e9 zo zbitkov, ktor\u00e9 n\u00e1m vznikaj\u00fa pri ich \u0161it\u00ed.<\/p>\n<p>Vyroben\u00e9 u n\u00e1s doma na Slovensku\u00a0\ud83d\ude42<\/p>\n<p>Velkost S-L ( uni d\u00e1mska velkos\u0165)<\/p>\n<p>XL ( p\u00e1nske alebo v\u00e4\u010d\u0161ia ruka)<\/p>\n","protected":false},"excerpt":{"rendered":"<p>Fluffy Gloves s\u00fa teplu\u010dk\u00e9, makku\u010dk\u00e9, pohodln\u00e9 a z\u00e1rove\u0148 dizajnov\u00e9 rukavi\u010dky.<\/p>\n<p>Dokonale sa hodia k va\u0161ej kukli\u010dke, ked\u017ee s\u00fa u\u0161it\u00e9 zo zbitkov, ktor\u00e9 n\u00e1m vznikaj\u00fa pri ich \u0161it\u00ed.<\/p>\n<p>Vyroben\u00e9 u n\u00e1s doma na Slovensku\u00a0\ud83d\ude42<\/p>\n<p>Velkost S-L ( uni d\u00e1mska velkos\u0165)<\/p>\n<p>XL ( p\u00e1nske alebo v\u00e4\u010d\u0161ia ruka)<\/p>\n","protected":false},"featured_media":78451,"comment_status":"open","ping_status":"closed","template":"","meta":{"_acf_changed":false},"product_brand":[],"product_cat":[998],"product_tag":[],"class_list":{"0":"post-78565","1":"product","2":"type-product","3":"status-publish","4":"has-post-thumbnail","6":"product_cat-rukavice","7":"pa_size-l-xl","8":"pa_size-s-m","10":"first","11":"instock","12":"sale","13":"shipping-taxable","14":"purchasable","15":"product-type-variable"},"acf":[],"_links":{"self":[{"href":"https:\/\/nanukclothing.com\/en\/wp-json\/wp\/v2\/product\/78565","targetHints":{"allow":["GET"]}}],"collection":[{"href":"https:\/\/nanukclothing.com\/en\/wp-json\/wp\/v2\/product"}],"about":[{"href":"https:\/\/nanukclothing.com\/en\/wp-json\/wp\/v2\/types\/product"}],"replies":[{"embeddable":true,"href":"https:\/\/nanukclothing.com\/en\/wp-json\/wp\/v2\/comments?post=78565"}],"wp:featuredmedia":[{"embeddable":true,"href":"https:\/\/nanukclothing.com\/en\/wp-json\/wp\/v2\/media\/78451"}],"wp:attachment":[{"href":"https:\/\/nanukclothing.com\/en\/wp-json\/wp\/v2\/media?parent=78565"}],"wp:term":[{"taxonomy":"product_brand","embeddable":true,"href":"https:\/\/nanukclothing.com\/en\/wp-json\/wp\/v2\/product_brand?post=78565"},{"taxonomy":"product_cat","embeddable":true,"href":"https:\/\/nanukclothing.com\/en\/wp-json\/wp\/v2\/product_cat?post=78565"},{"taxonomy":"product_tag","embeddable":true,"href":"https:\/\/nanukclothing.com\/en\/wp-json\/wp\/v2\/product_tag?post=78565"}],"curies":[{"name":"wp","href":"https:\/\/api.w.org\/{rel}","templated":true}]}}