{"id":78310,"date":"2025-10-25T18:51:41","date_gmt":"2025-10-25T16:51:41","guid":{"rendered":"https:\/\/nanukclothing.com\/?post_type=product&#038;p=78310"},"modified":"2026-02-08T21:24:11","modified_gmt":"2026-02-08T20:24:11","slug":"baby-teddy-bear-candy-pink","status":"publish","type":"product","link":"https:\/\/nanukclothing.com\/en\/produkt\/baby-teddy-bear-candy-pink\/","title":{"rendered":"BABY TEDDY &#038; BEAR \u2013 candy pink"},"content":{"rendered":"<p>Doprajte si aj vy jedn\u00e9ho medved\u00edka na doma.<\/p>\n<p>M\u00e4ku\u010dk\u00e1 kukli\u010dka ,\u00a0 chr\u00e1ni krk aj tv\u00e1ri\u010dku pred zimou. Je z pr\u00edjemn\u00e9ho hebk\u00e9ho fleecov\u00e9ho materi\u00e1lu . Mo\u017enos\u0165 stiahnutia pomocou brzdi\u010dky na \u0161n\u00farke.<\/p>\n<p>Ve\u013ekos\u0165:<\/p>\n<p>S \u2013 od 1 do 3 rokov<\/p>\n<p>M \u2013 od 4 do 6 rokov<\/p>\n<p>L \u2013 od 6 do 10 rokov<\/p>\n<p>XL \u2013 na helmu<\/p>\n","protected":false},"excerpt":{"rendered":"<p>Doprajte si aj vy jedn\u00e9ho medved\u00edka na doma.<\/p>\n<p>M\u00e4ku\u010dk\u00e1 kukli\u010dka ,\u00a0 chr\u00e1ni krk aj tv\u00e1ri\u010dku pred zimou. Je z pr\u00edjemn\u00e9ho hebk\u00e9ho fleecov\u00e9ho materi\u00e1lu . Mo\u017enos\u0165 stiahnutia pomocou brzdi\u010dky na \u0161n\u00farke.<\/p>\n<p>Ve\u013ekos\u0165:<\/p>\n<p>S \u2013 od 1 do 3 rokov<\/p>\n<p>M \u2013 od 4 do 6 rokov<\/p>\n<p>L \u2013 od 6 do 10 rokov<\/p>\n<p>XL \u2013 na helmu<\/p>\n","protected":false},"featured_media":78232,"comment_status":"open","ping_status":"closed","template":"","meta":{"_acf_changed":false},"product_brand":[],"product_cat":[1003,1000,66,41],"product_tag":[],"class_list":{"0":"post-78310","1":"product","2":"type-product","3":"status-publish","4":"has-post-thumbnail","6":"product_cat-detske","7":"product_cat-detske-kukly","8":"product_cat-kukly","9":"product_cat-deti-2","10":"pa_size-l-en","11":"pa_size-m-en","12":"pa_size-s-en","13":"pa_size-xl-en","15":"first","16":"instock","17":"shipping-taxable","18":"purchasable","19":"product-type-variable"},"acf":[],"_links":{"self":[{"href":"https:\/\/nanukclothing.com\/en\/wp-json\/wp\/v2\/product\/78310","targetHints":{"allow":["GET"]}}],"collection":[{"href":"https:\/\/nanukclothing.com\/en\/wp-json\/wp\/v2\/product"}],"about":[{"href":"https:\/\/nanukclothing.com\/en\/wp-json\/wp\/v2\/types\/product"}],"replies":[{"embeddable":true,"href":"https:\/\/nanukclothing.com\/en\/wp-json\/wp\/v2\/comments?post=78310"}],"wp:featuredmedia":[{"embeddable":true,"href":"https:\/\/nanukclothing.com\/en\/wp-json\/wp\/v2\/media\/78232"}],"wp:attachment":[{"href":"https:\/\/nanukclothing.com\/en\/wp-json\/wp\/v2\/media?parent=78310"}],"wp:term":[{"taxonomy":"product_brand","embeddable":true,"href":"https:\/\/nanukclothing.com\/en\/wp-json\/wp\/v2\/product_brand?post=78310"},{"taxonomy":"product_cat","embeddable":true,"href":"https:\/\/nanukclothing.com\/en\/wp-json\/wp\/v2\/product_cat?post=78310"},{"taxonomy":"product_tag","embeddable":true,"href":"https:\/\/nanukclothing.com\/en\/wp-json\/wp\/v2\/product_tag?post=78310"}],"curies":[{"name":"wp","href":"https:\/\/api.w.org\/{rel}","templated":true}]}}