{"id":78168,"date":"2025-07-07T16:26:24","date_gmt":"2025-07-07T14:26:24","guid":{"rendered":"https:\/\/nanukclothing.com\/?post_type=product&#038;p=78168"},"modified":"2025-11-03T11:43:05","modified_gmt":"2025-11-03T10:43:05","slug":"bamboo-black-poncho","status":"publish","type":"product","link":"https:\/\/nanukclothing.com\/en\/produkt\/bamboo-black-poncho\/","title":{"rendered":"Bamboo Black poncho"},"content":{"rendered":"<p>Urob nie\u010do pre seba aj pr\u00edrodu. Zaobstaraj si detsk\u00e9 pon\u010do z udr\u017eate\u013en\u00e9ho bambusov\u00e9ho materi\u00e1lu, ktor\u00fd neza\u0165a\u017euje pr\u00edrodu.<\/p>\n<p>Vyu\u017eijete ju po\u010das pobytu na pl\u00e1\u017ei, ale aj pri rybn\u00edku, na cestovanie, \u010di doma.<\/p>\n<p><strong>Bamboo Black poncho<\/strong><strong>\u00a0je vyroben\u00e9 z<\/strong>\u00a095% bambus a 5 % polyester.<\/p>\n<p>M\u00e1 ve\u013ek\u00fa kapuc\u0148u s u\u0161kami a praktick\u00e9\u00a0 vrecko. Pon\u010do \u0165a zahreje aj osu\u0161\u00ed, sta\u010d\u00ed si ho len obliec\u0165 a vyrazi\u0165 na pl\u00e1\u017e.<\/p>\n<p><strong>Ve\u013ekos\u0165: Unisex-dospel\u00fd<\/strong><\/p>\n<p>Rozmer: D\u013a\u017eka od pleca 99 cm,d\u013a\u017eka od krku 107 cm, \u0161\u00edrka 73cm<\/p>\n","protected":false},"excerpt":{"rendered":"<p>Urob nie\u010do pre seba aj pr\u00edrodu. Zaobstaraj si detsk\u00e9 pon\u010do z udr\u017eate\u013en\u00e9ho bambusov\u00e9ho materi\u00e1lu, ktor\u00fd neza\u0165a\u017euje pr\u00edrodu.<\/p>\n<p>Vyu\u017eijete ju po\u010das pobytu na pl\u00e1\u017ei, ale aj pri rybn\u00edku, na cestovanie, \u010di doma.<\/p>\n<p><strong>Bamboo Black poncho<\/strong><strong>\u00a0je vyroben\u00e9 z<\/strong>\u00a095% bambus a 5 % polyester.<\/p>\n<p>M\u00e1 ve\u013ek\u00fa kapuc\u0148u s u\u0161kami a praktick\u00e9\u00a0 vrecko. Pon\u010do \u0165a zahreje aj osu\u0161\u00ed, sta\u010d\u00ed si ho len obliec\u0165 a vyrazi\u0165 na pl\u00e1\u017e.<\/p>\n<p><strong>Ve\u013ekos\u0165: Unisex-dospel\u00fd<\/strong><\/p>\n<p>Rozmer: D\u013a\u017eka od pleca 99 cm,d\u013a\u017eka od krku 107 cm, \u0161\u00edrka 73cm<\/p>\n","protected":false},"featured_media":78153,"comment_status":"open","ping_status":"closed","template":"","meta":{"_acf_changed":false},"product_brand":[],"product_cat":[983],"product_tag":[],"class_list":{"0":"post-78168","1":"product","2":"type-product","3":"status-publish","4":"has-post-thumbnail","6":"product_cat-ponco","7":"pa_size-unisex-adult","9":"first","10":"instock","11":"shipping-taxable","12":"purchasable","13":"product-type-simple"},"acf":[],"_links":{"self":[{"href":"https:\/\/nanukclothing.com\/en\/wp-json\/wp\/v2\/product\/78168","targetHints":{"allow":["GET"]}}],"collection":[{"href":"https:\/\/nanukclothing.com\/en\/wp-json\/wp\/v2\/product"}],"about":[{"href":"https:\/\/nanukclothing.com\/en\/wp-json\/wp\/v2\/types\/product"}],"replies":[{"embeddable":true,"href":"https:\/\/nanukclothing.com\/en\/wp-json\/wp\/v2\/comments?post=78168"}],"wp:featuredmedia":[{"embeddable":true,"href":"https:\/\/nanukclothing.com\/en\/wp-json\/wp\/v2\/media\/78153"}],"wp:attachment":[{"href":"https:\/\/nanukclothing.com\/en\/wp-json\/wp\/v2\/media?parent=78168"}],"wp:term":[{"taxonomy":"product_brand","embeddable":true,"href":"https:\/\/nanukclothing.com\/en\/wp-json\/wp\/v2\/product_brand?post=78168"},{"taxonomy":"product_cat","embeddable":true,"href":"https:\/\/nanukclothing.com\/en\/wp-json\/wp\/v2\/product_cat?post=78168"},{"taxonomy":"product_tag","embeddable":true,"href":"https:\/\/nanukclothing.com\/en\/wp-json\/wp\/v2\/product_tag?post=78168"}],"curies":[{"name":"wp","href":"https:\/\/api.w.org\/{rel}","templated":true}]}}