{"id":78150,"date":"2025-07-03T16:45:35","date_gmt":"2025-07-03T14:45:35","guid":{"rendered":"https:\/\/nanukclothing.com\/?post_type=product&#038;p=78150"},"modified":"2026-04-21T19:26:08","modified_gmt":"2026-04-21T17:26:08","slug":"bamboo-black-bear-poncho-kids","status":"publish","type":"product","link":"https:\/\/nanukclothing.com\/en\/produkt\/bamboo-black-bear-poncho-kids\/","title":{"rendered":"Bamboo Black bear poncho kids"},"content":{"rendered":"<p>Urobte nie\u010do pre seba aj pr\u00edrodu. Zaobstarajte si detsk\u00e9 pon\u010do z udr\u017eate\u013en\u00e9ho bambusov\u00e9ho materi\u00e1lu, ktor\u00fd neza\u0165a\u017euje pr\u00edrodu.<\/p>\n<p>Vyu\u017eijete ju po\u010das pobytu na pl\u00e1\u017ei, ale aj pri rybn\u00edku, na cestovanie, \u010di doma.<\/p>\n<p><strong>Bamboo Black bear poncho kids je vyroben\u00e9 z<\/strong> 90% bambus a 10 % polyester.<\/p>\n<p><strong>M: 2 \u2013 5 r.<\/strong><\/p>\n<p><strong>L: 6 \u2013 10 r.<\/strong><\/p>\n<p>&nbsp;<\/p>\n","protected":false},"excerpt":{"rendered":"<p>Urobte nie\u010do pre seba aj pr\u00edrodu. Zaobstarajte si detsk\u00e9 pon\u010do z udr\u017eate\u013en\u00e9ho bambusov\u00e9ho materi\u00e1lu, ktor\u00fd neza\u0165a\u017euje pr\u00edrodu.<\/p>\n<p>Vyu\u017eijete ju po\u010das pobytu na pl\u00e1\u017ei, ale aj pri rybn\u00edku, na cestovanie, \u010di doma.<\/p>\n<p><strong>Bamboo Black bear poncho kids<\/strong><strong> je vyroben\u00e9 z<\/strong> 90% bambus a 10 % polyester.<\/p>\n<p><strong>M: 2 \u2013 5 r.<\/strong><\/p>\n<p><strong>L: 6 \u2013 10 r.<\/strong><\/p>\n","protected":false},"featured_media":79819,"comment_status":"open","ping_status":"closed","template":"","meta":{"_acf_changed":false},"product_brand":[],"product_cat":[1002,983,41],"product_tag":[],"class_list":{"0":"post-78150","1":"product","2":"type-product","3":"status-publish","4":"has-post-thumbnail","6":"product_cat-detske-ponca","7":"product_cat-ponco","8":"product_cat-deti-2","9":"pa_size-l-kids","10":"pa_size-m-kids","12":"first","13":"instock","14":"shipping-taxable","15":"purchasable","16":"product-type-variable"},"acf":[],"_links":{"self":[{"href":"https:\/\/nanukclothing.com\/en\/wp-json\/wp\/v2\/product\/78150","targetHints":{"allow":["GET"]}}],"collection":[{"href":"https:\/\/nanukclothing.com\/en\/wp-json\/wp\/v2\/product"}],"about":[{"href":"https:\/\/nanukclothing.com\/en\/wp-json\/wp\/v2\/types\/product"}],"replies":[{"embeddable":true,"href":"https:\/\/nanukclothing.com\/en\/wp-json\/wp\/v2\/comments?post=78150"}],"wp:featuredmedia":[{"embeddable":true,"href":"https:\/\/nanukclothing.com\/en\/wp-json\/wp\/v2\/media\/79819"}],"wp:attachment":[{"href":"https:\/\/nanukclothing.com\/en\/wp-json\/wp\/v2\/media?parent=78150"}],"wp:term":[{"taxonomy":"product_brand","embeddable":true,"href":"https:\/\/nanukclothing.com\/en\/wp-json\/wp\/v2\/product_brand?post=78150"},{"taxonomy":"product_cat","embeddable":true,"href":"https:\/\/nanukclothing.com\/en\/wp-json\/wp\/v2\/product_cat?post=78150"},{"taxonomy":"product_tag","embeddable":true,"href":"https:\/\/nanukclothing.com\/en\/wp-json\/wp\/v2\/product_tag?post=78150"}],"curies":[{"name":"wp","href":"https:\/\/api.w.org\/{rel}","templated":true}]}}