{"id":78069,"date":"2025-05-23T14:19:55","date_gmt":"2025-05-23T12:19:55","guid":{"rendered":"https:\/\/nanukclothing.com\/?post_type=product&#038;p=78069"},"modified":"2026-04-14T09:52:04","modified_gmt":"2026-04-14T07:52:04","slug":"cyklamen-pink-bear-headband-cozy-ears","status":"publish","type":"product","link":"https:\/\/nanukclothing.com\/en\/produkt\/cyklamen-pink-bear-headband-cozy-ears\/","title":{"rendered":"Cyklamen pink bear headband \u2013 cozy ears"},"content":{"rendered":"<div class=\"woocommerce-product-details__short-description\">\n<p>Dvojvrstvov\u00e1 u\u0161at\u00e1 \u010delenka z organickej bavlny. Pr\u00edjemn\u00e1 a hebk\u00e1 na dotyk. U\u0161k\u00e1 s chlpat\u00e9ho fleesu.<\/p>\n<p>Zlo\u017eenie: 85% bavlna<\/p>\n<p>15% elastan<\/p>\n<p>Velkos\u0165 1-5 year ( do 51cm)<\/p>\n<p>5-12 year ( od 51 \u2013 56 cm)<\/p>\n<\/div>\n","protected":false},"excerpt":{"rendered":"<p>Dvojvrstvov\u00e1 u\u0161at\u00e1 \u010delenka z organickej bavlny. Pr\u00edjemn\u00e1 a hebk\u00e1 na dotyk. U\u0161k\u00e1 s chlpat\u00e9ho fleesu.<\/p>\n<p>Zlo\u017eenie: 85% bavlna<\/p>\n<p>15% elastan<\/p>\n<p>Velkos\u0165 1-5 year ( do 51cm)<\/p>\n<p>5-12 year ( od 51 \u2013 56 cm)<\/p>\n","protected":false},"featured_media":77951,"comment_status":"open","ping_status":"closed","template":"","meta":{"_acf_changed":false},"product_brand":[],"product_cat":[1001,41],"product_tag":[],"class_list":{"0":"post-78069","1":"product","2":"type-product","3":"status-publish","4":"has-post-thumbnail","6":"product_cat-detske-celenky","7":"product_cat-deti-2","8":"pa_size-1-5-year","9":"pa_size-5-12-year","11":"first","12":"instock","13":"sale","14":"shipping-taxable","15":"purchasable","16":"product-type-variable"},"acf":[],"_links":{"self":[{"href":"https:\/\/nanukclothing.com\/en\/wp-json\/wp\/v2\/product\/78069","targetHints":{"allow":["GET"]}}],"collection":[{"href":"https:\/\/nanukclothing.com\/en\/wp-json\/wp\/v2\/product"}],"about":[{"href":"https:\/\/nanukclothing.com\/en\/wp-json\/wp\/v2\/types\/product"}],"replies":[{"embeddable":true,"href":"https:\/\/nanukclothing.com\/en\/wp-json\/wp\/v2\/comments?post=78069"}],"wp:featuredmedia":[{"embeddable":true,"href":"https:\/\/nanukclothing.com\/en\/wp-json\/wp\/v2\/media\/77951"}],"wp:attachment":[{"href":"https:\/\/nanukclothing.com\/en\/wp-json\/wp\/v2\/media?parent=78069"}],"wp:term":[{"taxonomy":"product_brand","embeddable":true,"href":"https:\/\/nanukclothing.com\/en\/wp-json\/wp\/v2\/product_brand?post=78069"},{"taxonomy":"product_cat","embeddable":true,"href":"https:\/\/nanukclothing.com\/en\/wp-json\/wp\/v2\/product_cat?post=78069"},{"taxonomy":"product_tag","embeddable":true,"href":"https:\/\/nanukclothing.com\/en\/wp-json\/wp\/v2\/product_tag?post=78069"}],"curies":[{"name":"wp","href":"https:\/\/api.w.org\/{rel}","templated":true}]}}