{"id":76913,"date":"2024-11-22T20:16:41","date_gmt":"2024-11-22T19:16:41","guid":{"rendered":"https:\/\/nanukclothing.com\/?post_type=product&#038;p=76913"},"modified":"2025-10-05T19:15:44","modified_gmt":"2025-10-05T17:15:44","slug":"baby-polar-bear-hood-bordo","status":"publish","type":"product","link":"https:\/\/nanukclothing.com\/en\/produkt\/baby-polar-bear-hood-bordo\/","title":{"rendered":"Baby Polar Bear Hood &#8211; Bordo"},"content":{"rendered":"<p>M\u00e4ku\u010dk\u00e1 kukli\u010dka , ktor\u00e1 chr\u00e1ni krk aj tv\u00e1r pred zimou. Je z pr\u00edjemn\u00e9ho hebk\u00e9ho fleecov\u00e9ho materi\u00e1lu . Mo\u017enos\u0165 stiahnutia pomocou brzdi\u010dky na \u0161n\u00farke.<\/p>\n<p>S \u2013 od 1 do 3 rokov<\/p>\n<p>M \u2013 od 4 do 6 rokov<\/p>\n<p>L \u2013 od 6 do 9 rokov<\/p>\n<p>XL \u2013 na helmu<\/p>\n","protected":false},"excerpt":{"rendered":"<p>M\u00e4ku\u010dk\u00e1 kukli\u010dka , ktor\u00e1 chr\u00e1ni krk aj tv\u00e1r pred zimou. Je z pr\u00edjemn\u00e9ho hebk\u00e9ho fleecov\u00e9ho materi\u00e1lu . Mo\u017enos\u0165 stiahnutia pomocou brzdi\u010dky na \u0161n\u00farke.<\/p>\n<p>S \u2013 od 1 do 3 rokov<\/p>\n<p>M \u2013 od 4 do 6 rokov<\/p>\n<p>L \u2013 od 6 do 9 rokov<\/p>\n<p>XL \u2013 na helmu<\/p>\n","protected":false},"featured_media":76942,"comment_status":"open","ping_status":"closed","template":"","meta":{"_acf_changed":false},"product_brand":[],"product_cat":[1000,41],"product_tag":[],"class_list":{"0":"post-76913","1":"product","2":"type-product","3":"status-publish","4":"has-post-thumbnail","6":"product_cat-detske-kukly","7":"product_cat-deti-2","8":"pa_size-l-en","9":"pa_size-m","10":"pa_size-s","11":"pa_size-xl-en","13":"first","14":"outofstock","15":"shipping-taxable","16":"purchasable","17":"product-type-variable"},"acf":[],"_links":{"self":[{"href":"https:\/\/nanukclothing.com\/en\/wp-json\/wp\/v2\/product\/76913","targetHints":{"allow":["GET"]}}],"collection":[{"href":"https:\/\/nanukclothing.com\/en\/wp-json\/wp\/v2\/product"}],"about":[{"href":"https:\/\/nanukclothing.com\/en\/wp-json\/wp\/v2\/types\/product"}],"replies":[{"embeddable":true,"href":"https:\/\/nanukclothing.com\/en\/wp-json\/wp\/v2\/comments?post=76913"}],"wp:featuredmedia":[{"embeddable":true,"href":"https:\/\/nanukclothing.com\/en\/wp-json\/wp\/v2\/media\/76942"}],"wp:attachment":[{"href":"https:\/\/nanukclothing.com\/en\/wp-json\/wp\/v2\/media?parent=76913"}],"wp:term":[{"taxonomy":"product_brand","embeddable":true,"href":"https:\/\/nanukclothing.com\/en\/wp-json\/wp\/v2\/product_brand?post=76913"},{"taxonomy":"product_cat","embeddable":true,"href":"https:\/\/nanukclothing.com\/en\/wp-json\/wp\/v2\/product_cat?post=76913"},{"taxonomy":"product_tag","embeddable":true,"href":"https:\/\/nanukclothing.com\/en\/wp-json\/wp\/v2\/product_tag?post=76913"}],"curies":[{"name":"wp","href":"https:\/\/api.w.org\/{rel}","templated":true}]}}