{"id":76667,"date":"2024-11-04T16:56:48","date_gmt":"2024-11-04T15:56:48","guid":{"rendered":"https:\/\/nanukclothing.com\/?post_type=product&#038;p=76667"},"modified":"2026-02-02T09:59:31","modified_gmt":"2026-02-02T08:59:31","slug":"brown-jogger-hood","status":"publish","type":"product","link":"https:\/\/nanukclothing.com\/en\/produkt\/brown-jogger-hood\/","title":{"rendered":"Brown Jogger Hood"},"content":{"rendered":"<p>Celoro\u010dn\u00e1 kukla z teplej tepl\u00e1koviny . Vyu\u017eije\u0161 ju na turistike, pri \u0161portoch \u010di len tak do mesta . Nebude ti zabera\u0165 ve\u013ea miesta v batohu \ud83d\ude42 Mo\u017enos\u0165 stiahnutia pomocou brzdi\u010dky na reflexnej \u0161n\u00farke. N\u00e1\u0161ivka s mot\u00edvom medve\u010fa.<\/p>\n<p>Dostupn\u00e1 v dvoch ve\u013ekostiach:<\/p>\n<p>Small &#8211; Universal \/ Women<\/p>\n<p>Big- Helmet Size \/ Men<\/p>\n<p>Zlo\u017eenie : 70%bavlna 30%polyester<\/p>\n<p>&nbsp;<\/p>\n","protected":false},"excerpt":{"rendered":"<p>Celoro\u010dn\u00e1 kukla z teplej tepl\u00e1koviny . Vyu\u017eije\u0161 ju na turistike, pri \u0161portoch \u010di len tak do mesta . Nebude ti zabera\u0165 ve\u013ea miesta v batohu \ud83d\ude42 Mo\u017enos\u0165 stiahnutia pomocou brzdi\u010dky na reflexnej \u0161n\u00farke. N\u00e1\u0161ivka s mot\u00edvom medve\u010fa.<\/p>\n<p>Dostupn\u00e1 v dvoch ve\u013ekostiach:<\/p>\n<p>Small &#8211; Universal \/ Women<\/p>\n<p>Big- Helmet Size \/ Men<\/p>\n<p>Zlo\u017eenie : 70%bavlna 30%polyester<\/p>\n<p>&nbsp;<\/p>\n","protected":false},"featured_media":76741,"comment_status":"open","ping_status":"closed","template":"","meta":{"_acf_changed":false},"product_brand":[],"product_cat":[886,66],"product_tag":[],"class_list":{"0":"post-76667","1":"product","2":"type-product","3":"status-publish","4":"has-post-thumbnail","6":"product_cat-celorocne-2","7":"product_cat-kukly","8":"pa_size-big","9":"pa_size-small","11":"first","12":"instock","13":"shipping-taxable","14":"purchasable","15":"product-type-variable"},"acf":[],"_links":{"self":[{"href":"https:\/\/nanukclothing.com\/en\/wp-json\/wp\/v2\/product\/76667","targetHints":{"allow":["GET"]}}],"collection":[{"href":"https:\/\/nanukclothing.com\/en\/wp-json\/wp\/v2\/product"}],"about":[{"href":"https:\/\/nanukclothing.com\/en\/wp-json\/wp\/v2\/types\/product"}],"replies":[{"embeddable":true,"href":"https:\/\/nanukclothing.com\/en\/wp-json\/wp\/v2\/comments?post=76667"}],"wp:featuredmedia":[{"embeddable":true,"href":"https:\/\/nanukclothing.com\/en\/wp-json\/wp\/v2\/media\/76741"}],"wp:attachment":[{"href":"https:\/\/nanukclothing.com\/en\/wp-json\/wp\/v2\/media?parent=76667"}],"wp:term":[{"taxonomy":"product_brand","embeddable":true,"href":"https:\/\/nanukclothing.com\/en\/wp-json\/wp\/v2\/product_brand?post=76667"},{"taxonomy":"product_cat","embeddable":true,"href":"https:\/\/nanukclothing.com\/en\/wp-json\/wp\/v2\/product_cat?post=76667"},{"taxonomy":"product_tag","embeddable":true,"href":"https:\/\/nanukclothing.com\/en\/wp-json\/wp\/v2\/product_tag?post=76667"}],"curies":[{"name":"wp","href":"https:\/\/api.w.org\/{rel}","templated":true}]}}