{"id":76659,"date":"2024-11-01T10:08:43","date_gmt":"2024-11-01T09:08:43","guid":{"rendered":"https:\/\/nanukclothing.com\/?post_type=product&#038;p=76659"},"modified":"2026-02-07T19:29:59","modified_gmt":"2026-02-07T18:29:59","slug":"baby-teddy-bear-sand","status":"publish","type":"product","link":"https:\/\/nanukclothing.com\/en\/produkt\/baby-teddy-bear-sand\/","title":{"rendered":"BABY TEDDY &#038; BEAR \u2013 sand"},"content":{"rendered":"<p>Doprajte si aj vy jedn\u00e9ho medved\u00edka na doma.<\/p>\n<p>Novinka \u2013 medvedie u\u0161k\u00e1 .<\/p>\n<p>M\u00e4ku\u010dk\u00e1 kukli\u010dka , ktor\u00e1 chr\u00e1ni krk aj tv\u00e1r pred zimou. Je z pr\u00edjemn\u00e9ho hebk\u00e9ho fleecov\u00e9ho materi\u00e1lu . Mo\u017enos\u0165 stiahnutia pomocou brzdi\u010dky na \u0161n\u00farke.<\/p>\n<p>S \u2013 od 1 do 3 rokov<\/p>\n<p>M \u2013 od 4 do 6 rokov<\/p>\n<p>L \u2013 od 6 do 9 rokov<\/p>\n<p>XL \u2013 na helmu<\/p>\n","protected":false},"excerpt":{"rendered":"<p>Doprajte si aj vy jedn\u00e9ho medved\u00edka na doma.<\/p>\n<p>Novinka \u2013 medvedie u\u0161k\u00e1 .<\/p>\n<p>M\u00e4ku\u010dk\u00e1 kukli\u010dka , ktor\u00e1 chr\u00e1ni krk aj tv\u00e1r pred zimou. Je z pr\u00edjemn\u00e9ho hebk\u00e9ho fleecov\u00e9ho materi\u00e1lu . Mo\u017enos\u0165 stiahnutia pomocou brzdi\u010dky na \u0161n\u00farke.<\/p>\n<p>S \u2013 od 1 do 3 rokov<\/p>\n<p>M \u2013 od 4 do 6 rokov<\/p>\n<p>L \u2013 od 6 do 9 rokov<\/p>\n<p>XL \u2013 na helmu<\/p>\n","protected":false},"featured_media":76603,"comment_status":"open","ping_status":"closed","template":"","meta":{"_acf_changed":false},"product_brand":[],"product_cat":[1003,1000,41],"product_tag":[],"class_list":{"0":"post-76659","1":"product","2":"type-product","3":"status-publish","4":"has-post-thumbnail","6":"product_cat-detske","7":"product_cat-detske-kukly","8":"product_cat-deti-2","9":"pa_size-l-en","10":"pa_size-m","11":"pa_size-s","12":"pa_size-xl","14":"first","15":"instock","16":"shipping-taxable","17":"purchasable","18":"product-type-variable"},"acf":[],"_links":{"self":[{"href":"https:\/\/nanukclothing.com\/en\/wp-json\/wp\/v2\/product\/76659","targetHints":{"allow":["GET"]}}],"collection":[{"href":"https:\/\/nanukclothing.com\/en\/wp-json\/wp\/v2\/product"}],"about":[{"href":"https:\/\/nanukclothing.com\/en\/wp-json\/wp\/v2\/types\/product"}],"replies":[{"embeddable":true,"href":"https:\/\/nanukclothing.com\/en\/wp-json\/wp\/v2\/comments?post=76659"}],"wp:featuredmedia":[{"embeddable":true,"href":"https:\/\/nanukclothing.com\/en\/wp-json\/wp\/v2\/media\/76603"}],"wp:attachment":[{"href":"https:\/\/nanukclothing.com\/en\/wp-json\/wp\/v2\/media?parent=76659"}],"wp:term":[{"taxonomy":"product_brand","embeddable":true,"href":"https:\/\/nanukclothing.com\/en\/wp-json\/wp\/v2\/product_brand?post=76659"},{"taxonomy":"product_cat","embeddable":true,"href":"https:\/\/nanukclothing.com\/en\/wp-json\/wp\/v2\/product_cat?post=76659"},{"taxonomy":"product_tag","embeddable":true,"href":"https:\/\/nanukclothing.com\/en\/wp-json\/wp\/v2\/product_tag?post=76659"}],"curies":[{"name":"wp","href":"https:\/\/api.w.org\/{rel}","templated":true}]}}