{"id":76510,"date":"2024-09-02T08:37:17","date_gmt":"2024-09-02T06:37:17","guid":{"rendered":"https:\/\/nanukclothing.com\/?post_type=product&#038;p=76510"},"modified":"2025-12-14T10:59:28","modified_gmt":"2025-12-14T09:59:28","slug":"black-women-hoodie-bear","status":"publish","type":"product","link":"https:\/\/nanukclothing.com\/en\/produkt\/black-women-hoodie-bear\/","title":{"rendered":"Black Women hoodie &#8211; bear"},"content":{"rendered":"<p>D\u00e1mska mikina z po\u010desanej tepl\u00e1koviny. M\u00e1 kr\u00e1snu v\u00fd\u0161ivku medve\u010fa, je mierne skr\u00e1tenej d\u013a\u017eky a vo\u013enej\u0161ieho strihu.<\/p>\n<p>Ruk\u00e1v je ukon\u010den\u00fd gumi\u010dkou a spodn\u00e1 \u010das\u0165 m\u00e1 \u0161n\u00farku na za\u0165ahovanie.<\/p>\n<p>Materi\u00e1l : 70%Bavlna, 30%Polyester<\/p>\n<p>Farba : black<\/p>\n<p>Rozmery :<\/p>\n<p>XS- celkov\u00e1 d\u013a\u017eka mikiny od krku 57cm, d\u013a\u017eka od pleca 54cm<\/p>\n<p>\u0161\u00edrka 55,5 cm<\/p>\n<p>d\u013a\u017eka ruk\u00e1va od krku 69cm, d\u013a\u017eka ruk\u00e1va od pleca 55cm<\/p>\n<p>S-\u00a0 celkov\u00e1 d\u013a\u017eka mikiny od krku 58cm, d\u013a\u017eka od pleca 55cm<\/p>\n<p>\u0161\u00edrka 55,5 cm<\/p>\n<p>d\u013a\u017eka ruk\u00e1va od krku 70cm, d\u013a\u017eka ruk\u00e1va od pleca 56cm<\/p>\n<p>M- celkov\u00e1 d\u013a\u017eka mikiny od krku 58,5cm, d\u013a\u017eka od pleca 56cm<\/p>\n<p>\u0161\u00edrka 57 cm<\/p>\n<p>d\u013a\u017eka ruk\u00e1va od krku 70cm, d\u013a\u017eka ruk\u00e1va od pleca 56cm<\/p>\n<p>L- celkov\u00e1 d\u013a\u017eka mikiny od krku 61cm, d\u013a\u017eka od pleca 57,1cm<\/p>\n<p>\u0161\u00edrka 59,5 cm<\/p>\n<p>d\u013a\u017eka ruk\u00e1va od krku 72cm, d\u013a\u017eka ruk\u00e1va od pleca 56cm<\/p>\n<p>XL- celkov\u00e1 d\u013a\u017eka mikiny od krku 62,5cm, d\u013a\u017eka od pleca 58,5cm<\/p>\n<p>\u0161\u00edrka 61 cm<\/p>\n<p>d\u013a\u017eka ruk\u00e1va od krku 72cm, d\u013a\u017eka ruk\u00e1va od pleca 56cm<\/p>\n","protected":false},"excerpt":{"rendered":"<p>D\u00e1mska mikina z po\u010desanej tepl\u00e1koviny. M\u00e1 kr\u00e1snu v\u00fd\u0161ivku medve\u010fa, je mierne skr\u00e1tenej d\u013a\u017eky a vo\u013enej\u0161ieho strihu.<\/p>\n<p>Ruk\u00e1v je ukon\u010den\u00fd gumi\u010dkou a spodn\u00e1 \u010das\u0165 m\u00e1 \u0161n\u00farku na za\u0165ahovanie.<\/p>\n<p>Materi\u00e1l : 70%Bavlna, 30%Polyester<\/p>\n<p>Farba : black<\/p>\n<p>Rozmery :<\/p>\n<p>XS- celkov\u00e1 d\u013a\u017eka mikiny od krku 57cm, d\u013a\u017eka od pleca 54cm<\/p>\n<p>\u0161\u00edrka 55,5 cm<\/p>\n<p>d\u013a\u017eka ruk\u00e1va od krku 69cm, d\u013a\u017eka ruk\u00e1va od pleca 55cm<\/p>\n<p>S-\u00a0 celkov\u00e1 d\u013a\u017eka mikiny od krku 58cm, d\u013a\u017eka od pleca 55cm<\/p>\n<p>\u0161\u00edrka 55,5 cm<\/p>\n<p>d\u013a\u017eka ruk\u00e1va od krku 70cm, d\u013a\u017eka ruk\u00e1va od pleca 56cm<\/p>\n<p>M- celkov\u00e1 d\u013a\u017eka mikiny od krku 58,5cm, d\u013a\u017eka od pleca 56cm<\/p>\n<p>\u0161\u00edrka 57 cm<\/p>\n<p>d\u013a\u017eka ruk\u00e1va od krku 70cm, d\u013a\u017eka ruk\u00e1va od pleca 56cm<\/p>\n<p>L- celkov\u00e1 d\u013a\u017eka mikiny od krku 61cm, d\u013a\u017eka od pleca 57,1cm<\/p>\n<p>\u0161\u00edrka 59,5 cm<\/p>\n<p>d\u013a\u017eka ruk\u00e1va od krku 72cm, d\u013a\u017eka ruk\u00e1va od pleca 56cm<\/p>\n<p>XL- celkov\u00e1 d\u013a\u017eka mikiny od krku 62,5cm, d\u013a\u017eka od pleca 58,5cm<\/p>\n<p>\u0161\u00edrka 61 cm<\/p>\n<p>d\u013a\u017eka ruk\u00e1va od krku 72cm, d\u013a\u017eka ruk\u00e1va od pleca 56cm<\/p>\n","protected":false},"featured_media":76460,"comment_status":"open","ping_status":"closed","template":"","meta":{"_acf_changed":false},"product_brand":[],"product_cat":[1010,64,20],"product_tag":[],"class_list":{"0":"post-76510","1":"product","2":"type-product","3":"status-publish","4":"has-post-thumbnail","6":"product_cat-zlavy","7":"product_cat-mikiny","8":"product_cat-damske","9":"pa_size-l-en","10":"pa_size-m-en","11":"pa_size-s-en","12":"pa_size-xl","13":"pa_size-xs","15":"first","16":"instock","17":"sale","18":"shipping-taxable","19":"purchasable","20":"product-type-variable"},"acf":[],"_links":{"self":[{"href":"https:\/\/nanukclothing.com\/en\/wp-json\/wp\/v2\/product\/76510","targetHints":{"allow":["GET"]}}],"collection":[{"href":"https:\/\/nanukclothing.com\/en\/wp-json\/wp\/v2\/product"}],"about":[{"href":"https:\/\/nanukclothing.com\/en\/wp-json\/wp\/v2\/types\/product"}],"replies":[{"embeddable":true,"href":"https:\/\/nanukclothing.com\/en\/wp-json\/wp\/v2\/comments?post=76510"}],"wp:featuredmedia":[{"embeddable":true,"href":"https:\/\/nanukclothing.com\/en\/wp-json\/wp\/v2\/media\/76460"}],"wp:attachment":[{"href":"https:\/\/nanukclothing.com\/en\/wp-json\/wp\/v2\/media?parent=76510"}],"wp:term":[{"taxonomy":"product_brand","embeddable":true,"href":"https:\/\/nanukclothing.com\/en\/wp-json\/wp\/v2\/product_brand?post=76510"},{"taxonomy":"product_cat","embeddable":true,"href":"https:\/\/nanukclothing.com\/en\/wp-json\/wp\/v2\/product_cat?post=76510"},{"taxonomy":"product_tag","embeddable":true,"href":"https:\/\/nanukclothing.com\/en\/wp-json\/wp\/v2\/product_tag?post=76510"}],"curies":[{"name":"wp","href":"https:\/\/api.w.org\/{rel}","templated":true}]}}