{"id":76489,"date":"2024-09-02T08:01:46","date_gmt":"2024-09-02T06:01:46","guid":{"rendered":"https:\/\/nanukclothing.com\/?post_type=product&#038;p=76489"},"modified":"2025-12-28T19:45:19","modified_gmt":"2025-12-28T18:45:19","slug":"brown-unisex-hoodie-shaka","status":"publish","type":"product","link":"https:\/\/nanukclothing.com\/en\/produkt\/brown-unisex-hoodie-shaka\/","title":{"rendered":"Brown Unisex hoodie &#8211; Shaka"},"content":{"rendered":"<p>Unisex mikina klasickej d\u013a\u017eky s v\u00fd\u0161ivkou Shaka.<\/p>\n<p>Mikina je z teplej po\u010desanej tepl\u00e1koviny je priestrann\u00e1, m\u00e1 jedno ve\u013ek\u00e9 vrecko a kapucku v origin\u00e1lnom strihu.<\/p>\n<p>Ak chce\u0161 mikinku ako d\u00e1msku odpor\u00fa\u010dame objedna\u0165 si o \u010d\u00edslo men\u0161iu .<\/p>\n<p>Materi\u00e1l : 70%Bavlna, 30%Polyester<\/p>\n<p>Rozmery:<\/p>\n<p>XS- d\u013a\u017eka 76cm, \u0161\u00edrka 52 cm<\/p>\n<p>S- d\u013a\u017eka 77cm, \u0161\u00edrka 54 cm<\/p>\n<p>M- d\u013a\u017eka 78cm, \u0161\u00edrka 56 cm<\/p>\n<p>L-d\u013a\u017eka 80cm, \u0161\u00edrka 58 cm<\/p>\n<p>XL- d\u013a\u017eka 81m, \u0161\u00edrka 60 cm<\/p>\n<p>XXL-d\u013a\u017eka 81cm, \u0161\u00edrka 62 cm<\/p>\n<p>&nbsp;<\/p>\n","protected":false},"excerpt":{"rendered":"<p>Unisex mikina klasickej d\u013a\u017eky s v\u00fd\u0161ivkou Shaka.<\/p>\n<p>Mikina je z teplej po\u010desanej tepl\u00e1koviny je priestrann\u00e1, m\u00e1 jedno ve\u013ek\u00e9 vrecko a kapucku v origin\u00e1lnom strihu.<\/p>\n<p>Ak chce\u0161 mikinku ako d\u00e1msku odpor\u00fa\u010dame objedna\u0165 si o \u010d\u00edslo men\u0161iu .<\/p>\n<p>Materi\u00e1l : 70%Bavlna, 30%Polyester<\/p>\n<p>Rozmery:<\/p>\n<p>XS- d\u013a\u017eka 76cm, \u0161\u00edrka 52 cm<\/p>\n<p>S- d\u013a\u017eka 77cm, \u0161\u00edrka 54 cm<\/p>\n<p>M- d\u013a\u017eka 78cm, \u0161\u00edrka 56 cm<\/p>\n<p>L-d\u013a\u017eka 80cm, \u0161\u00edrka 58 cm<\/p>\n<p>XL- d\u013a\u017eka 81m, \u0161\u00edrka 60 cm<\/p>\n<p>XXL-d\u013a\u017eka 81cm, \u0161\u00edrka 62 cm<\/p>\n<p>&nbsp;<\/p>\n","protected":false},"featured_media":76466,"comment_status":"open","ping_status":"closed","template":"","meta":{"_acf_changed":false},"product_brand":[],"product_cat":[1010,64,546,20],"product_tag":[],"class_list":{"0":"post-76489","1":"product","2":"type-product","3":"status-publish","4":"has-post-thumbnail","6":"product_cat-zlavy","7":"product_cat-mikiny","8":"product_cat-panske","9":"product_cat-damske","10":"pa_size-l-en","11":"pa_size-m-en","12":"pa_size-s","13":"pa_size-xl","14":"pa_size-xs","15":"pa_size-xxl","17":"first","18":"instock","19":"sale","20":"shipping-taxable","21":"purchasable","22":"product-type-variable"},"acf":[],"_links":{"self":[{"href":"https:\/\/nanukclothing.com\/en\/wp-json\/wp\/v2\/product\/76489","targetHints":{"allow":["GET"]}}],"collection":[{"href":"https:\/\/nanukclothing.com\/en\/wp-json\/wp\/v2\/product"}],"about":[{"href":"https:\/\/nanukclothing.com\/en\/wp-json\/wp\/v2\/types\/product"}],"replies":[{"embeddable":true,"href":"https:\/\/nanukclothing.com\/en\/wp-json\/wp\/v2\/comments?post=76489"}],"wp:featuredmedia":[{"embeddable":true,"href":"https:\/\/nanukclothing.com\/en\/wp-json\/wp\/v2\/media\/76466"}],"wp:attachment":[{"href":"https:\/\/nanukclothing.com\/en\/wp-json\/wp\/v2\/media?parent=76489"}],"wp:term":[{"taxonomy":"product_brand","embeddable":true,"href":"https:\/\/nanukclothing.com\/en\/wp-json\/wp\/v2\/product_brand?post=76489"},{"taxonomy":"product_cat","embeddable":true,"href":"https:\/\/nanukclothing.com\/en\/wp-json\/wp\/v2\/product_cat?post=76489"},{"taxonomy":"product_tag","embeddable":true,"href":"https:\/\/nanukclothing.com\/en\/wp-json\/wp\/v2\/product_tag?post=76489"}],"curies":[{"name":"wp","href":"https:\/\/api.w.org\/{rel}","templated":true}]}}