{"id":76301,"date":"2024-01-30T11:51:14","date_gmt":"2024-01-30T10:51:14","guid":{"rendered":"https:\/\/nanukclothing.com\/?post_type=product&#038;p=76301"},"modified":"2026-02-08T21:26:57","modified_gmt":"2026-02-08T20:26:57","slug":"polar-bear-hood-grey","status":"publish","type":"product","link":"https:\/\/nanukclothing.com\/en\/produkt\/polar-bear-hood-grey\/","title":{"rendered":"Polar Bear Hood &#8211; Grey"},"content":{"rendered":"<div class=\"woocommerce-product-details__short-description\">\n<p>M\u00e4ku\u010dk\u00e1 kukla od Nanuku, ktor\u00e1 chr\u00e1ni krk aj tv\u00e1r pred zimou. T\u00e1to kukla je vyroben\u00e1 z pr\u00edjemn\u00e9ho a hebk\u00e9ho chlpat\u00e9ho fleecu. Mo\u017enos\u0165 stiahnutia pomocou brzdi\u010dky na \u0161n\u00farke. N\u00e1\u0161ivka s na\u0161im horsk\u00fdm mot\u00edvom.<\/p>\n<p>Na fotke je ve\u013dkos\u0165 Small<\/p>\n<p>Dostupn\u00e1 v dvoch ve\u013ekostiach:<\/p>\n<p>Small \u2013 univerz\u00e1lna<\/p>\n<p>Big- zmest\u00ed sa aj na prilbu \/ p\u00e1nska<\/p>\n<\/div>\n","protected":false},"excerpt":{"rendered":"<div class=\"woocommerce-product-details__short-description\">\n<p>M\u00e4ku\u010dk\u00e1 kukla od Nanuku, ktor\u00e1 chr\u00e1ni krk aj tv\u00e1r pred zimou. T\u00e1to kukla je vyroben\u00e1 z pr\u00edjemn\u00e9ho a hebk\u00e9ho chlpat\u00e9ho fleecu. Mo\u017enos\u0165 stiahnutia pomocou brzdi\u010dky na \u0161n\u00farke. N\u00e1\u0161ivka s na\u0161im horsk\u00fdm mot\u00edvom.<\/p>\n<p>Na fotke je ve\u013dkos\u0165 Small<\/p>\n<p>Dostupn\u00e1 v dvoch ve\u013ekostiach:<\/p>\n<p>Small \u2013 univerz\u00e1lna<\/p>\n<p>Big- zmest\u00ed sa aj na prilbu \/ p\u00e1nska<\/p>\n<\/div>\n","protected":false},"featured_media":76273,"comment_status":"open","ping_status":"closed","template":"","meta":{"_acf_changed":false},"product_brand":[],"product_cat":[887,66],"product_tag":[],"class_list":{"0":"post-76301","1":"product","2":"type-product","3":"status-publish","4":"has-post-thumbnail","6":"product_cat-zimne-2","7":"product_cat-kukly","8":"pa_size-big","9":"pa_size-small","11":"first","12":"instock","13":"shipping-taxable","14":"purchasable","15":"product-type-variable"},"acf":[],"_links":{"self":[{"href":"https:\/\/nanukclothing.com\/en\/wp-json\/wp\/v2\/product\/76301","targetHints":{"allow":["GET"]}}],"collection":[{"href":"https:\/\/nanukclothing.com\/en\/wp-json\/wp\/v2\/product"}],"about":[{"href":"https:\/\/nanukclothing.com\/en\/wp-json\/wp\/v2\/types\/product"}],"replies":[{"embeddable":true,"href":"https:\/\/nanukclothing.com\/en\/wp-json\/wp\/v2\/comments?post=76301"}],"wp:featuredmedia":[{"embeddable":true,"href":"https:\/\/nanukclothing.com\/en\/wp-json\/wp\/v2\/media\/76273"}],"wp:attachment":[{"href":"https:\/\/nanukclothing.com\/en\/wp-json\/wp\/v2\/media?parent=76301"}],"wp:term":[{"taxonomy":"product_brand","embeddable":true,"href":"https:\/\/nanukclothing.com\/en\/wp-json\/wp\/v2\/product_brand?post=76301"},{"taxonomy":"product_cat","embeddable":true,"href":"https:\/\/nanukclothing.com\/en\/wp-json\/wp\/v2\/product_cat?post=76301"},{"taxonomy":"product_tag","embeddable":true,"href":"https:\/\/nanukclothing.com\/en\/wp-json\/wp\/v2\/product_tag?post=76301"}],"curies":[{"name":"wp","href":"https:\/\/api.w.org\/{rel}","templated":true}]}}