{"id":75295,"date":"2023-11-16T15:55:45","date_gmt":"2023-11-16T14:55:45","guid":{"rendered":"https:\/\/nanukclothing.com\/?post_type=product&#038;p=75295"},"modified":"2024-11-08T09:05:11","modified_gmt":"2024-11-08T08:05:11","slug":"candy-pink-beanie-majesty","status":"publish","type":"product","link":"https:\/\/nanukclothing.com\/en\/produkt\/candy-pink-beanie-majesty\/","title":{"rendered":"Candy pink beanie-majesty"},"content":{"rendered":"<p>Zimn\u00e1 \u010diapka zna\u010dky Nanuk. Pohodln\u00e1 \u010diapka s vyhnut\u00fdm lemom z pr\u00edjemn\u00e9ho materi\u00e1lu. Na bo\u010dnej strane na\u0161it\u00e1 n\u00e1\u0161ivka Nanuk Majesty<\/p>\n<p>Unisex<\/p>\n<p>Materi\u00e1l: polyakryl<\/p>\n","protected":false},"excerpt":{"rendered":"<p>Zimn\u00e1 \u010diapka zna\u010dky Nanuk. Pohodln\u00e1 \u010diapka s vyhnut\u00fdm lemom z pr\u00edjemn\u00e9ho materi\u00e1lu. Na bo\u010dnej strane na\u0161it\u00e1 n\u00e1\u0161ivka Nanuk Majesty<\/p>\n<p>Unisex<\/p>\n<p>Materi\u00e1l: polyakryl<\/p>\n","protected":false},"featured_media":75272,"comment_status":"open","ping_status":"closed","template":"","meta":{"_acf_changed":false},"product_brand":[],"product_cat":[77],"product_tag":[],"class_list":{"0":"post-75295","1":"product","2":"type-product","3":"status-publish","4":"has-post-thumbnail","6":"product_cat-ciapky","8":"first","9":"outofstock","10":"shipping-taxable","11":"purchasable","12":"product-type-simple"},"acf":[],"_links":{"self":[{"href":"https:\/\/nanukclothing.com\/en\/wp-json\/wp\/v2\/product\/75295","targetHints":{"allow":["GET"]}}],"collection":[{"href":"https:\/\/nanukclothing.com\/en\/wp-json\/wp\/v2\/product"}],"about":[{"href":"https:\/\/nanukclothing.com\/en\/wp-json\/wp\/v2\/types\/product"}],"replies":[{"embeddable":true,"href":"https:\/\/nanukclothing.com\/en\/wp-json\/wp\/v2\/comments?post=75295"}],"wp:featuredmedia":[{"embeddable":true,"href":"https:\/\/nanukclothing.com\/en\/wp-json\/wp\/v2\/media\/75272"}],"wp:attachment":[{"href":"https:\/\/nanukclothing.com\/en\/wp-json\/wp\/v2\/media?parent=75295"}],"wp:term":[{"taxonomy":"product_brand","embeddable":true,"href":"https:\/\/nanukclothing.com\/en\/wp-json\/wp\/v2\/product_brand?post=75295"},{"taxonomy":"product_cat","embeddable":true,"href":"https:\/\/nanukclothing.com\/en\/wp-json\/wp\/v2\/product_cat?post=75295"},{"taxonomy":"product_tag","embeddable":true,"href":"https:\/\/nanukclothing.com\/en\/wp-json\/wp\/v2\/product_tag?post=75295"}],"curies":[{"name":"wp","href":"https:\/\/api.w.org\/{rel}","templated":true}]}}