{"id":75294,"date":"2023-11-16T15:52:48","date_gmt":"2023-11-16T14:52:48","guid":{"rendered":"https:\/\/nanukclothing.com\/?post_type=product&#038;p=75294"},"modified":"2025-03-27T12:09:59","modified_gmt":"2025-03-27T11:09:59","slug":"brown-beanie","status":"publish","type":"product","link":"https:\/\/nanukclothing.com\/en\/produkt\/brown-beanie\/","title":{"rendered":"Brown beanie"},"content":{"rendered":"<p>Zimn\u00e1 \u010diapka zna\u010dky Nanuk. Pohodln\u00e1 \u010diapka ktor\u00fa m\u00f4\u017ete nos\u0165 vyhnut\u00fa alebo ako kulich,n\u00e1\u0161ivka je obojstrann\u00e1.<\/p>\n<p>Unisex<\/p>\n<p>Materi\u00e1l: polyakryl<\/p>\n","protected":false},"excerpt":{"rendered":"<p>Zimn\u00e1 \u010diapka zna\u010dky Nanuk. Pohodln\u00e1 \u010diapka ktor\u00fa m\u00f4\u017ete nos\u0165 vyhnut\u00fa alebo ako kulich,n\u00e1\u0161ivka je obojstrann\u00e1.<\/p>\n<p>Unisex<\/p>\n<p>Materi\u00e1l: polyakryl<\/p>\n","protected":false},"featured_media":77003,"comment_status":"open","ping_status":"closed","template":"","meta":{"_acf_changed":false},"product_brand":[],"product_cat":[77],"product_tag":[],"class_list":{"0":"post-75294","1":"product","2":"type-product","3":"status-publish","4":"has-post-thumbnail","6":"product_cat-ciapky","8":"first","9":"outofstock","10":"shipping-taxable","11":"purchasable","12":"product-type-simple"},"acf":[],"_links":{"self":[{"href":"https:\/\/nanukclothing.com\/en\/wp-json\/wp\/v2\/product\/75294","targetHints":{"allow":["GET"]}}],"collection":[{"href":"https:\/\/nanukclothing.com\/en\/wp-json\/wp\/v2\/product"}],"about":[{"href":"https:\/\/nanukclothing.com\/en\/wp-json\/wp\/v2\/types\/product"}],"replies":[{"embeddable":true,"href":"https:\/\/nanukclothing.com\/en\/wp-json\/wp\/v2\/comments?post=75294"}],"wp:featuredmedia":[{"embeddable":true,"href":"https:\/\/nanukclothing.com\/en\/wp-json\/wp\/v2\/media\/77003"}],"wp:attachment":[{"href":"https:\/\/nanukclothing.com\/en\/wp-json\/wp\/v2\/media?parent=75294"}],"wp:term":[{"taxonomy":"product_brand","embeddable":true,"href":"https:\/\/nanukclothing.com\/en\/wp-json\/wp\/v2\/product_brand?post=75294"},{"taxonomy":"product_cat","embeddable":true,"href":"https:\/\/nanukclothing.com\/en\/wp-json\/wp\/v2\/product_cat?post=75294"},{"taxonomy":"product_tag","embeddable":true,"href":"https:\/\/nanukclothing.com\/en\/wp-json\/wp\/v2\/product_tag?post=75294"}],"curies":[{"name":"wp","href":"https:\/\/api.w.org\/{rel}","templated":true}]}}