{"id":75168,"date":"2023-10-30T20:49:48","date_gmt":"2023-10-30T19:49:48","guid":{"rendered":"https:\/\/nanukclothing.com\/?post_type=product&#038;p=75168"},"modified":"2026-01-16T17:16:58","modified_gmt":"2026-01-16T16:16:58","slug":"baby-polar-bear-hood-khaki","status":"publish","type":"product","link":"https:\/\/nanukclothing.com\/en\/produkt\/baby-polar-bear-hood-khaki\/","title":{"rendered":"Baby Polar Bear Hood &#8211; KHAKI"},"content":{"rendered":"<div class=\"woocommerce-product-details__short-description\">\n<p>M\u00c4KU\u010cK\u00c1 KUKLA OD NANUKU, KTOR\u00c1 CHR\u00c1NI KRK AJ TV\u00c1R PRED ZIMOU. T\u00c1TO KUKLA JE Z PR\u00cdJEMN\u00c9HO A HEBK\u00c9HO MATERI\u00c1LU WELLSOFT FLEECE. MO\u017dNOS\u0164 STIAHNUTIA POMOCOU BRZDI\u010cKY NA \u0160N\u00daRKE.<\/p>\n<p>S \u2013 OD 1 DO 3 ROKOV<\/p>\n<p>M \u2013 OD 4 DO 6 ROKOV<\/p>\n<p>L \u2013 OD 6 DO 10 ROKOV<\/p>\n<p>XL \u2013 zvo\u013ete d\u00e1msku ve\u013ekos\u0165 Small<\/p>\n<\/div>\n","protected":false},"excerpt":{"rendered":"<div class=\"woocommerce-product-details__short-description\">\n<p>M\u00c4KU\u010cK\u00c1 KUKLA OD NANUKU, KTOR\u00c1 CHR\u00c1NI KRK AJ TV\u00c1R PRED ZIMOU. T\u00c1TO KUKLA JE Z PR\u00cdJEMN\u00c9HO A HEBK\u00c9HO MATERI\u00c1LU WELLSOFT FLEECE. MO\u017dNOS\u0164 STIAHNUTIA POMOCOU BRZDI\u010cKY NA \u0160N\u00daRKE.<\/p>\n<p>S \u2013 OD 1 DO 3 ROKOV<\/p>\n<p>M \u2013 OD 4 DO 6 ROKOV<\/p>\n<p>L \u2013 OD 6 DO 10 ROKOV<\/p>\n<p>XL \u2013 zvo\u013ete d\u00e1msku ve\u013ekos\u0165 Small<\/p>\n<\/div>\n","protected":false},"featured_media":75362,"comment_status":"open","ping_status":"closed","template":"","meta":{"_acf_changed":false},"product_brand":[],"product_cat":[1003,1000,66,41],"product_tag":[],"class_list":{"0":"post-75168","1":"product","2":"type-product","3":"status-publish","4":"has-post-thumbnail","6":"product_cat-detske","7":"product_cat-detske-kukly","8":"product_cat-kukly","9":"product_cat-deti-2","10":"pa_size-l-en","11":"pa_size-m","12":"pa_size-s","13":"pa_size-xl-en","15":"first","16":"instock","17":"shipping-taxable","18":"purchasable","19":"product-type-variable"},"acf":[],"_links":{"self":[{"href":"https:\/\/nanukclothing.com\/en\/wp-json\/wp\/v2\/product\/75168","targetHints":{"allow":["GET"]}}],"collection":[{"href":"https:\/\/nanukclothing.com\/en\/wp-json\/wp\/v2\/product"}],"about":[{"href":"https:\/\/nanukclothing.com\/en\/wp-json\/wp\/v2\/types\/product"}],"replies":[{"embeddable":true,"href":"https:\/\/nanukclothing.com\/en\/wp-json\/wp\/v2\/comments?post=75168"}],"wp:featuredmedia":[{"embeddable":true,"href":"https:\/\/nanukclothing.com\/en\/wp-json\/wp\/v2\/media\/75362"}],"wp:attachment":[{"href":"https:\/\/nanukclothing.com\/en\/wp-json\/wp\/v2\/media?parent=75168"}],"wp:term":[{"taxonomy":"product_brand","embeddable":true,"href":"https:\/\/nanukclothing.com\/en\/wp-json\/wp\/v2\/product_brand?post=75168"},{"taxonomy":"product_cat","embeddable":true,"href":"https:\/\/nanukclothing.com\/en\/wp-json\/wp\/v2\/product_cat?post=75168"},{"taxonomy":"product_tag","embeddable":true,"href":"https:\/\/nanukclothing.com\/en\/wp-json\/wp\/v2\/product_tag?post=75168"}],"curies":[{"name":"wp","href":"https:\/\/api.w.org\/{rel}","templated":true}]}}