{"id":75116,"date":"2023-10-30T18:33:18","date_gmt":"2023-10-30T17:33:18","guid":{"rendered":"https:\/\/nanukclothing.com\/?post_type=product&#038;p=75116"},"modified":"2026-01-06T20:10:56","modified_gmt":"2026-01-06T19:10:56","slug":"baby-polar-bear-hood-peach","status":"publish","type":"product","link":"https:\/\/nanukclothing.com\/en\/produkt\/baby-polar-bear-hood-peach\/","title":{"rendered":"Baby POLAR BEAR HOOD \u2013 PEACH"},"content":{"rendered":"<div class=\"woocommerce-product-details__short-description\">\n<p>M\u00c4KU\u010cK\u00c1 KUKLA OD NANUKU, KTOR\u00c1 CHR\u00c1NI KRK AJ TV\u00c1R PRED ZIMOU. T\u00c1TO KUKLA JE Z PR\u00cdJEMN\u00c9HO A HEBK\u00c9HO MATERI\u00c1LU WELLSOFT FLEECE. MO\u017dNOS\u0164 STIAHNUTIA POMOCOU BRZDI\u010cKY NA \u0160N\u00daRKE.<\/p>\n<p>S \u2013 OD 1 DO 3 ROKOV<\/p>\n<p>M \u2013 OD 4 DO 6 ROKOV<\/p>\n<p>L \u2013 OD 6 DO 9 ROKOV<\/p>\n<p>XL \u2013 na helmu<\/p>\n<\/div>\n","protected":false},"excerpt":{"rendered":"<p>M\u00c4KU\u010cK\u00c1 KUKLA OD NANUKU, KTOR\u00c1 CHR\u00c1NI KRK AJ TV\u00c1R PRED ZIMOU. T\u00c1TO KUKLA JE Z PR\u00cdJEMN\u00c9HO A HEBK\u00c9HO MATERI\u00c1LU WELLSOFT FLEECE. MO\u017dNOS\u0164 STIAHNUTIA POMOCOU BRZDI\u010cKY NA \u0160N\u00daRKE.<\/p>\n<p>S \u2013 OD 1 DO 3 ROKOV<\/p>\n<p>M \u2013 OD 4 DO 6 ROKOV<\/p>\n<p>L \u2013 OD 6 DO 9 ROKOV<\/p>\n<p>XL \u2013 na helmu<\/p>\n","protected":false},"featured_media":75360,"comment_status":"open","ping_status":"closed","template":"","meta":{"_acf_changed":false},"product_brand":[],"product_cat":[1003,1000,1010,41],"product_tag":[],"class_list":{"0":"post-75116","1":"product","2":"type-product","3":"status-publish","4":"has-post-thumbnail","6":"product_cat-detske","7":"product_cat-detske-kukly","8":"product_cat-zlavy","9":"product_cat-deti-2","10":"pa_size-l","11":"pa_size-m","12":"pa_size-s-en","13":"pa_size-xl-en","15":"first","16":"outofstock","17":"shipping-taxable","18":"product-type-variable"},"acf":[],"_links":{"self":[{"href":"https:\/\/nanukclothing.com\/en\/wp-json\/wp\/v2\/product\/75116","targetHints":{"allow":["GET"]}}],"collection":[{"href":"https:\/\/nanukclothing.com\/en\/wp-json\/wp\/v2\/product"}],"about":[{"href":"https:\/\/nanukclothing.com\/en\/wp-json\/wp\/v2\/types\/product"}],"replies":[{"embeddable":true,"href":"https:\/\/nanukclothing.com\/en\/wp-json\/wp\/v2\/comments?post=75116"}],"wp:featuredmedia":[{"embeddable":true,"href":"https:\/\/nanukclothing.com\/en\/wp-json\/wp\/v2\/media\/75360"}],"wp:attachment":[{"href":"https:\/\/nanukclothing.com\/en\/wp-json\/wp\/v2\/media?parent=75116"}],"wp:term":[{"taxonomy":"product_brand","embeddable":true,"href":"https:\/\/nanukclothing.com\/en\/wp-json\/wp\/v2\/product_brand?post=75116"},{"taxonomy":"product_cat","embeddable":true,"href":"https:\/\/nanukclothing.com\/en\/wp-json\/wp\/v2\/product_cat?post=75116"},{"taxonomy":"product_tag","embeddable":true,"href":"https:\/\/nanukclothing.com\/en\/wp-json\/wp\/v2\/product_tag?post=75116"}],"curies":[{"name":"wp","href":"https:\/\/api.w.org\/{rel}","templated":true}]}}