{"id":74846,"date":"2023-05-03T10:38:00","date_gmt":"2023-05-03T08:38:00","guid":{"rendered":"https:\/\/nanukclothing.com\/?post_type=product&#038;p=74846"},"modified":"2025-12-14T11:07:01","modified_gmt":"2025-12-14T10:07:01","slug":"simple-hoodie-black","status":"publish","type":"product","link":"https:\/\/nanukclothing.com\/en\/produkt\/simple-hoodie-black\/","title":{"rendered":"SIMPLE HOODie &#8211; Black"},"content":{"rendered":"<p>Pohodln\u00e1 mikina bez kapuce je z ten\u0161ej tepl\u00e1koviny, mierne pred\u013a\u017een\u00e1.<\/p>\n<p>Na boku m\u00e1 razporky.<\/p>\n<p>Materi\u00e1l : 70%Bavlna, 30%Polyester<\/p>\n<p>Farba : \u010dierna<\/p>\n<p>modelka m\u00e1 175 cm a na sebe velkos\u0165 M<\/p>\n","protected":false},"excerpt":{"rendered":"<p>Pohodln\u00e1 mikina bez kapuce je z ten\u0161ej tepl\u00e1koviny, mierne pred\u013a\u017een\u00e1.<\/p>\n<p>Na boku m\u00e1 razporky.<\/p>\n<p>Materi\u00e1l : 70%Bavlna, 30%Polyester<\/p>\n<p>Farba : \u010dierna<\/p>\n<p>modelka m\u00e1 175 cm a na sebe velkos\u0165 M<\/p>\n","protected":false},"featured_media":74785,"comment_status":"open","ping_status":"closed","template":"","meta":{"_acf_changed":false},"product_brand":[],"product_cat":[1010,64,20],"product_tag":[],"class_list":{"0":"post-74846","1":"product","2":"type-product","3":"status-publish","4":"has-post-thumbnail","6":"product_cat-zlavy","7":"product_cat-mikiny","8":"product_cat-damske","9":"pa_size-l-en","10":"pa_size-m-en","11":"pa_size-s-en","12":"pa_size-xl-en","13":"pa_size-xs","15":"first","16":"instock","17":"sale","18":"shipping-taxable","19":"purchasable","20":"product-type-variable"},"acf":[],"_links":{"self":[{"href":"https:\/\/nanukclothing.com\/en\/wp-json\/wp\/v2\/product\/74846","targetHints":{"allow":["GET"]}}],"collection":[{"href":"https:\/\/nanukclothing.com\/en\/wp-json\/wp\/v2\/product"}],"about":[{"href":"https:\/\/nanukclothing.com\/en\/wp-json\/wp\/v2\/types\/product"}],"replies":[{"embeddable":true,"href":"https:\/\/nanukclothing.com\/en\/wp-json\/wp\/v2\/comments?post=74846"}],"wp:featuredmedia":[{"embeddable":true,"href":"https:\/\/nanukclothing.com\/en\/wp-json\/wp\/v2\/media\/74785"}],"wp:attachment":[{"href":"https:\/\/nanukclothing.com\/en\/wp-json\/wp\/v2\/media?parent=74846"}],"wp:term":[{"taxonomy":"product_brand","embeddable":true,"href":"https:\/\/nanukclothing.com\/en\/wp-json\/wp\/v2\/product_brand?post=74846"},{"taxonomy":"product_cat","embeddable":true,"href":"https:\/\/nanukclothing.com\/en\/wp-json\/wp\/v2\/product_cat?post=74846"},{"taxonomy":"product_tag","embeddable":true,"href":"https:\/\/nanukclothing.com\/en\/wp-json\/wp\/v2\/product_tag?post=74846"}],"curies":[{"name":"wp","href":"https:\/\/api.w.org\/{rel}","templated":true}]}}