{"id":74766,"date":"2023-04-28T12:03:32","date_gmt":"2023-04-28T10:03:32","guid":{"rendered":"https:\/\/nanukclothing.com\/?post_type=product&#038;p=74766"},"modified":"2025-11-03T10:52:03","modified_gmt":"2025-11-03T09:52:03","slug":"tropical-white-bamboo-t-shirt-women","status":"publish","type":"product","link":"https:\/\/nanukclothing.com\/en\/produkt\/tropical-white-bamboo-t-shirt-women\/","title":{"rendered":"Tropical White Bamboo T-shirt &#8211; women"},"content":{"rendered":"<p>Tropical White Bamboo T-shirt<\/p>\n<p>Nov\u00e9 hebk\u00e9 tri\u010dko vyroben\u00e9\u00a0\u00a0z bambusov\u00fdch stoniek\u00a0<img decoding=\"async\" class=\"an1\" src=\"https:\/\/fonts.gstatic.com\/s\/e\/notoemoji\/15.0\/1f38b\/32.png\" alt=\"?\" data-emoji=\"?\" aria-label=\"?\" \/>Bambus rastie ve\u013emi r\u00fdchlo (aj 1 m \/ 24 hod\u00edn), tak\u017ee na pestovanie nie s\u00fa potrebn\u00e9 \u017eiadne pestic\u00eddy a toto vl\u00e1kno je e\u0161te \u0161etrnej\u0161ie k \u017eivotn\u00e9mu prostrediu ako in\u00e9 l\u00e1tky\u00a0<img decoding=\"async\" class=\"an1\" src=\"https:\/\/fonts.gstatic.com\/s\/e\/notoemoji\/15.0\/1f30d\/32.png\" alt=\"?\" data-emoji=\"?\" aria-label=\"?\" \/>. Je antibakteri\u00e1lny a m\u00e1 protiples\u0148ov\u00e9 vlastnosti, je ve\u013emi jemn\u00fd a \u013eahk\u00fd\u00a0<img decoding=\"async\" class=\"an1\" src=\"https:\/\/fonts.gstatic.com\/s\/e\/notoemoji\/15.0\/2600_fe0f\/32.png\" alt=\"\u2600\ufe0f\" data-emoji=\"\u2600\ufe0f\" aria-label=\"\u2600\ufe0f\" \/>Vhodn\u00fd na be\u017en\u00e9 nosenie, na \u0161port aj pre citliv\u00fa poko\u017eku .<\/p>\n<p>Na potla\u010d na\u0161ich l\u00e1tok sa pou\u017e\u00edva ekoogick\u00fd atrament, bez\u00a0<strong>bez vyu\u017eitia vody<\/strong>\u00a0pre zelen\u0161iu plan\u00e9tu.<\/p>\n<p>Zlo\u017eenie: 95%bambus 5% elastan<\/p>\n<p>Loose Fit-oversize<\/p>\n","protected":false},"excerpt":{"rendered":"<p>Tropical White Bamboo T-shirt<\/p>\n<p>Nov\u00e9 hebk\u00e9 tri\u010dko vyroben\u00e9\u00a0\u00a0z bambusov\u00fdch stoniek\u00a0<img decoding=\"async\" class=\"an1\" src=\"https:\/\/fonts.gstatic.com\/s\/e\/notoemoji\/15.0\/1f38b\/32.png\" alt=\"?\" data-emoji=\"?\" aria-label=\"?\" \/>Bambus rastie ve\u013emi r\u00fdchlo (aj 1 m \/ 24 hod\u00edn), tak\u017ee na pestovanie nie s\u00fa potrebn\u00e9 \u017eiadne pestic\u00eddy a toto vl\u00e1kno je e\u0161te \u0161etrnej\u0161ie k \u017eivotn\u00e9mu prostrediu ako in\u00e9 l\u00e1tky\u00a0<img decoding=\"async\" class=\"an1\" src=\"https:\/\/fonts.gstatic.com\/s\/e\/notoemoji\/15.0\/1f30d\/32.png\" alt=\"?\" data-emoji=\"?\" aria-label=\"?\" \/>. Je antibakteri\u00e1lny a m\u00e1 protiples\u0148ov\u00e9 vlastnosti, je ve\u013emi jemn\u00fd a \u013eahk\u00fd\u00a0<img decoding=\"async\" class=\"an1\" src=\"https:\/\/fonts.gstatic.com\/s\/e\/notoemoji\/15.0\/2600_fe0f\/32.png\" alt=\"\u2600\ufe0f\" data-emoji=\"\u2600\ufe0f\" aria-label=\"\u2600\ufe0f\" \/>Vhodn\u00fd na be\u017en\u00e9 nosenie, na \u0161port aj pre citliv\u00fa poko\u017eku .<\/p>\n<p>Na potla\u010d na\u0161ich l\u00e1tok sa pou\u017e\u00edva ekoogick\u00fd atrament, bez\u00a0<strong>bez vyu\u017eitia vody<\/strong>\u00a0pre zelen\u0161iu plan\u00e9tu.<\/p>\n<p>Zlo\u017eenie: 95%bambus 5% elastan<\/p>\n<p>Loose Fit-oversize<\/p>\n","protected":false},"featured_media":74793,"comment_status":"open","ping_status":"closed","template":"","meta":{"_acf_changed":false},"product_brand":[],"product_cat":[766,764,1010],"product_tag":[],"class_list":{"0":"post-74766","1":"product","2":"type-product","3":"status-publish","4":"has-post-thumbnail","6":"product_cat-damske-tricka","7":"product_cat-tricka","8":"product_cat-zlavy","9":"pa_size-l-en","10":"pa_size-m","11":"pa_size-s-en","12":"pa_size-xl","13":"pa_size-xs","15":"first","16":"instock","17":"sale","18":"shipping-taxable","19":"purchasable","20":"product-type-variable"},"acf":[],"_links":{"self":[{"href":"https:\/\/nanukclothing.com\/en\/wp-json\/wp\/v2\/product\/74766","targetHints":{"allow":["GET"]}}],"collection":[{"href":"https:\/\/nanukclothing.com\/en\/wp-json\/wp\/v2\/product"}],"about":[{"href":"https:\/\/nanukclothing.com\/en\/wp-json\/wp\/v2\/types\/product"}],"replies":[{"embeddable":true,"href":"https:\/\/nanukclothing.com\/en\/wp-json\/wp\/v2\/comments?post=74766"}],"wp:featuredmedia":[{"embeddable":true,"href":"https:\/\/nanukclothing.com\/en\/wp-json\/wp\/v2\/media\/74793"}],"wp:attachment":[{"href":"https:\/\/nanukclothing.com\/en\/wp-json\/wp\/v2\/media?parent=74766"}],"wp:term":[{"taxonomy":"product_brand","embeddable":true,"href":"https:\/\/nanukclothing.com\/en\/wp-json\/wp\/v2\/product_brand?post=74766"},{"taxonomy":"product_cat","embeddable":true,"href":"https:\/\/nanukclothing.com\/en\/wp-json\/wp\/v2\/product_cat?post=74766"},{"taxonomy":"product_tag","embeddable":true,"href":"https:\/\/nanukclothing.com\/en\/wp-json\/wp\/v2\/product_tag?post=74766"}],"curies":[{"name":"wp","href":"https:\/\/api.w.org\/{rel}","templated":true}]}}