{"id":74704,"date":"2023-04-28T11:31:36","date_gmt":"2023-04-28T09:31:36","guid":{"rendered":"https:\/\/nanukclothing.com\/?post_type=product&#038;p=74704"},"modified":"2024-06-20T08:56:20","modified_gmt":"2024-06-20T06:56:20","slug":"tropical-bamboo-hb","status":"publish","type":"product","link":"https:\/\/nanukclothing.com\/en\/produkt\/tropical-bamboo-hb\/","title":{"rendered":"Tropical Bamboo HB"},"content":{"rendered":"<div class=\"woocommerce-product-details__short-description\">\n<p>Dvojvrstvov\u00e1 \u0161portov\u00e1 \u010delenka vyroben\u00e1\u00a0\u00a0z bambusov\u00fdch stoniek\u00a0<img decoding=\"async\" class=\"an1\" src=\"https:\/\/fonts.gstatic.com\/s\/e\/notoemoji\/15.0\/1f38b\/32.png\" alt=\"?\" data-emoji=\"?\" aria-label=\"?\" \/><\/p>\n<p>Pr\u00edjemn\u00e1 a hebk\u00e1 na dotyk. Vhodn\u00e1 na r\u00f4zne \u0161porty ako napr\u00edklad turistika, skialp, cyklistika a in\u00e9\u2026<\/p>\n<p>Potla\u010d na ka\u017edej \u010delenke rozlo\u017een\u00e1 inak.<\/p>\n<p>Bambus rastie ve\u013emi r\u00fdchlo (aj 1 m \/ 24 hod\u00edn), tak\u017ee na pestovanie nie s\u00fa potrebn\u00e9 \u017eiadne pestic\u00eddy a toto vl\u00e1kno je e\u0161te \u0161etrnej\u0161ie k \u017eivotn\u00e9mu prostrediu ako in\u00e9 l\u00e1tky\u00a0<img decoding=\"async\" class=\"an1\" src=\"https:\/\/fonts.gstatic.com\/s\/e\/notoemoji\/15.0\/1f30d\/32.png\" alt=\"?\" data-emoji=\"?\" aria-label=\"?\" \/>. Je antibakteri\u00e1lny a m\u00e1 protiples\u0148ov\u00e9 vlastnosti, je ve\u013emi jemn\u00fd a \u013eahk\u00fd\u00a0<img decoding=\"async\" class=\"an1\" src=\"https:\/\/fonts.gstatic.com\/s\/e\/notoemoji\/15.0\/2600_fe0f\/32.png\" alt=\"\u2600\ufe0f\" data-emoji=\"\u2600\ufe0f\" aria-label=\"\u2600\ufe0f\" \/>Vhodn\u00fd na be\u017en\u00e9 nosenie, na \u0161port aj pre citliv\u00fa poko\u017eku .<\/p>\n<p>Na potla\u010d na\u0161ich l\u00e1tok sa pou\u017e\u00edva ekoogick\u00fd atrament, bez\u00a0<strong>bez vyu\u017eitia vody<\/strong>\u00a0pre zelen\u0161iu plan\u00e9tu.<\/p>\n<p>Zlo\u017eenie: 95%bambus 5% elastan<\/p>\n<p>Velkosti:<\/p>\n<p>S-M \u2013 d\u00e1mska, obvod: 54-57cm, v\u00fd\u0161ka cca10,2cm<\/p>\n<p>L-XL- p\u00e1nska, obvod: od 58 cm, v\u00fd\u0161ka cca 10,6cm<\/p>\n<p>Kids \u2013 obvod: 50-53 cm, v\u00fd\u0161ka \u010delenky cca8,2cm<\/p>\n<\/div>\n","protected":false},"excerpt":{"rendered":"<div class=\"woocommerce-product-details__short-description\">\n<p>Dvojvrstvov\u00e1 \u0161portov\u00e1 \u010delenka vyroben\u00e1\u00a0\u00a0z bambusov\u00fdch stoniek\u00a0<img decoding=\"async\" class=\"an1\" src=\"https:\/\/fonts.gstatic.com\/s\/e\/notoemoji\/15.0\/1f38b\/32.png\" alt=\"?\" data-emoji=\"?\" aria-label=\"?\" \/><\/p>\n<p>Pr\u00edjemn\u00e1 a hebk\u00e1 na dotyk. Vhodn\u00e1 na r\u00f4zne \u0161porty ako napr\u00edklad turistika, skialp, cyklistika a in\u00e9\u2026<\/p>\n<p>Potla\u010d na ka\u017edej \u010delenke rozlo\u017een\u00e1 inak.<\/p>\n<p>Bambus rastie ve\u013emi r\u00fdchlo (aj 1 m \/ 24 hod\u00edn), tak\u017ee na pestovanie nie s\u00fa potrebn\u00e9 \u017eiadne pestic\u00eddy a toto vl\u00e1kno je e\u0161te \u0161etrnej\u0161ie k \u017eivotn\u00e9mu prostrediu ako in\u00e9 l\u00e1tky\u00a0<img decoding=\"async\" class=\"an1\" src=\"https:\/\/fonts.gstatic.com\/s\/e\/notoemoji\/15.0\/1f30d\/32.png\" alt=\"?\" data-emoji=\"?\" aria-label=\"?\" \/>. Je antibakteri\u00e1lny a m\u00e1 protiples\u0148ov\u00e9 vlastnosti, je ve\u013emi jemn\u00fd a \u013eahk\u00fd\u00a0<img decoding=\"async\" class=\"an1\" src=\"https:\/\/fonts.gstatic.com\/s\/e\/notoemoji\/15.0\/2600_fe0f\/32.png\" alt=\"\u2600\ufe0f\" data-emoji=\"\u2600\ufe0f\" aria-label=\"\u2600\ufe0f\" \/>Vhodn\u00fd na be\u017en\u00e9 nosenie, na \u0161port aj pre citliv\u00fa poko\u017eku .<\/p>\n<p>Na potla\u010d na\u0161ich l\u00e1tok sa pou\u017e\u00edva ekoogick\u00fd atrament, bez\u00a0<strong>bez vyu\u017eitia vody<\/strong>\u00a0pre zelen\u0161iu plan\u00e9tu.<\/p>\n<p>Zlo\u017eenie: 95%bambus 5% elastan<\/p>\n<p>Velkosti:<\/p>\n<p>S-M \u2013 d\u00e1mska, obvod: 54-57cm, v\u00fd\u0161ka cca10,2cm<\/p>\n<p>L-XL- p\u00e1nska, obvod: od 58 cm, v\u00fd\u0161ka cca 10,6cm<\/p>\n<p>Kids \u2013 obvod: 50-53 cm, v\u00fd\u0161ka \u010delenky cca8,2cm<\/p>\n<\/div>\n","protected":false},"featured_media":74716,"comment_status":"open","ping_status":"closed","template":"","meta":{"_acf_changed":false},"product_brand":[],"product_cat":[1001,18,29,41],"product_tag":[],"class_list":{"0":"post-74704","1":"product","2":"type-product","3":"status-publish","4":"has-post-thumbnail","6":"product_cat-detske-celenky","7":"product_cat-celenky","8":"product_cat-celorocne","9":"product_cat-deti-2","10":"pa_size-kids","11":"pa_size-l-xl","12":"pa_size-s-m","14":"first","15":"outofstock","16":"sale","17":"shipping-taxable","18":"purchasable","19":"product-type-variable"},"acf":[],"_links":{"self":[{"href":"https:\/\/nanukclothing.com\/en\/wp-json\/wp\/v2\/product\/74704","targetHints":{"allow":["GET"]}}],"collection":[{"href":"https:\/\/nanukclothing.com\/en\/wp-json\/wp\/v2\/product"}],"about":[{"href":"https:\/\/nanukclothing.com\/en\/wp-json\/wp\/v2\/types\/product"}],"replies":[{"embeddable":true,"href":"https:\/\/nanukclothing.com\/en\/wp-json\/wp\/v2\/comments?post=74704"}],"wp:featuredmedia":[{"embeddable":true,"href":"https:\/\/nanukclothing.com\/en\/wp-json\/wp\/v2\/media\/74716"}],"wp:attachment":[{"href":"https:\/\/nanukclothing.com\/en\/wp-json\/wp\/v2\/media?parent=74704"}],"wp:term":[{"taxonomy":"product_brand","embeddable":true,"href":"https:\/\/nanukclothing.com\/en\/wp-json\/wp\/v2\/product_brand?post=74704"},{"taxonomy":"product_cat","embeddable":true,"href":"https:\/\/nanukclothing.com\/en\/wp-json\/wp\/v2\/product_cat?post=74704"},{"taxonomy":"product_tag","embeddable":true,"href":"https:\/\/nanukclothing.com\/en\/wp-json\/wp\/v2\/product_tag?post=74704"}],"curies":[{"name":"wp","href":"https:\/\/api.w.org\/{rel}","templated":true}]}}