{"id":74680,"date":"2023-04-24T13:14:10","date_gmt":"2023-04-24T11:14:10","guid":{"rendered":"https:\/\/nanukclothing.com\/?post_type=product&#038;p=74680"},"modified":"2025-11-03T10:56:15","modified_gmt":"2025-11-03T09:56:15","slug":"polar-bear-sand-hoodie","status":"publish","type":"product","link":"https:\/\/nanukclothing.com\/en\/produkt\/polar-bear-sand-hoodie\/","title":{"rendered":"Polar Bear Sand Hoodie"},"content":{"rendered":"<p>Polar Bear Sand Hoodie<\/p>\n<p>Mikina je z teplej po\u010desanej tepl\u00e1koviny, je klasickej d\u013a\u017eky, mierne oversize.<\/p>\n<p>Na boku m\u00e1 razporky, kr\u00e1snu n\u00e1\u0161ivku s pr\u00edrodn\u00fdm mot\u00edvom a reflexn\u00e9 \u0161n\u00farky.<\/p>\n<p>Materi\u00e1l : 70%Bavlna, 30%Polyester<\/p>\n<p>modelka m\u00e1 175 cm a na sebe velkos\u0165 M<\/p>\n<p>Rozmery:<\/p>\n<p>&nbsp;<\/p>\n","protected":false},"excerpt":{"rendered":"<p>Polar Bear Sand Hoodie<\/p>\n<p>Mikina je z teplej po\u010desanej tepl\u00e1koviny, je klasickej d\u013a\u017eky, mierne oversize.<\/p>\n<p>Na boku m\u00e1 razporky, kr\u00e1snu n\u00e1\u0161ivku s pr\u00edrodn\u00fdm mot\u00edvom a reflexn\u00e9 \u0161n\u00farky.<\/p>\n<p>Materi\u00e1l : 70%Bavlna, 30%Polyester<\/p>\n<p>modelka m\u00e1 175 cm a na sebe velkos\u0165 M<\/p>\n<p>Rozmery:<\/p>\n","protected":false},"featured_media":74833,"comment_status":"open","ping_status":"closed","template":"","meta":{"_acf_changed":false},"product_brand":[],"product_cat":[1010,64,20],"product_tag":[],"class_list":{"0":"post-74680","1":"product","2":"type-product","3":"status-publish","4":"has-post-thumbnail","6":"product_cat-zlavy","7":"product_cat-mikiny","8":"product_cat-damske","9":"pa_size-l-en","10":"pa_size-m-en","11":"pa_size-s","12":"pa_size-xl-en","13":"pa_size-xs-en","14":"pa_size-xxl","16":"first","17":"instock","18":"sale","19":"shipping-taxable","20":"purchasable","21":"product-type-variable"},"acf":[],"_links":{"self":[{"href":"https:\/\/nanukclothing.com\/en\/wp-json\/wp\/v2\/product\/74680","targetHints":{"allow":["GET"]}}],"collection":[{"href":"https:\/\/nanukclothing.com\/en\/wp-json\/wp\/v2\/product"}],"about":[{"href":"https:\/\/nanukclothing.com\/en\/wp-json\/wp\/v2\/types\/product"}],"replies":[{"embeddable":true,"href":"https:\/\/nanukclothing.com\/en\/wp-json\/wp\/v2\/comments?post=74680"}],"wp:featuredmedia":[{"embeddable":true,"href":"https:\/\/nanukclothing.com\/en\/wp-json\/wp\/v2\/media\/74833"}],"wp:attachment":[{"href":"https:\/\/nanukclothing.com\/en\/wp-json\/wp\/v2\/media?parent=74680"}],"wp:term":[{"taxonomy":"product_brand","embeddable":true,"href":"https:\/\/nanukclothing.com\/en\/wp-json\/wp\/v2\/product_brand?post=74680"},{"taxonomy":"product_cat","embeddable":true,"href":"https:\/\/nanukclothing.com\/en\/wp-json\/wp\/v2\/product_cat?post=74680"},{"taxonomy":"product_tag","embeddable":true,"href":"https:\/\/nanukclothing.com\/en\/wp-json\/wp\/v2\/product_tag?post=74680"}],"curies":[{"name":"wp","href":"https:\/\/api.w.org\/{rel}","templated":true}]}}