{"id":74119,"date":"2023-01-03T13:45:31","date_gmt":"2023-01-03T12:45:31","guid":{"rendered":"https:\/\/nanukclothing.com\/?post_type=product&#038;p=74119"},"modified":"2026-04-13T13:34:49","modified_gmt":"2026-04-13T11:34:49","slug":"plants-in-black-hb","status":"publish","type":"product","link":"https:\/\/nanukclothing.com\/en\/produkt\/plants-in-black-hb\/","title":{"rendered":"Plants in black HB"},"content":{"rendered":"<p>Dvojvrstvov\u00e1 \u0161portov\u00e1 \u010delenka z organickej bavlny. Pr\u00edjemn\u00e1 a hebk\u00e1 na dotyk. Vhodn\u00e1 na r\u00f4zne \u0161porty ako napr\u00edklad turistika, skialp, cyklistika a in\u00e9\u2026<\/p>\n<p>Potla\u010d na ka\u017edej \u010delenke rozlo\u017een\u00e1 inak.<\/p>\n<p>Zlo\u017eenie: 90% bavlna,10% elastan<\/p>\n<p>Velkosti:<\/p>\n<p>S-M \u2013 d\u00e1mska 54-57cm<\/p>\n<p>L-XL- p\u00e1nska od 58 cm<\/p>\n","protected":false},"excerpt":{"rendered":"<p>Dvojvrstvov\u00e1 \u0161portov\u00e1 \u010delenka z organickej bavlny. Pr\u00edjemn\u00e1 a hebk\u00e1 na dotyk. Vhodn\u00e1 na r\u00f4zne \u0161porty ako napr\u00edklad turistika, skialp, cyklistika a in\u00e9\u2026<\/p>\n<p>Potla\u010d na ka\u017edej \u010delenke rozlo\u017een\u00e1 inak.<\/p>\n<p>Zlo\u017eenie: 90% bavlna,10% elastan<\/p>\n<p>Velkosti:<\/p>\n<p>S-M \u2013 d\u00e1mska 54-57cm<\/p>\n<p>L-XL- p\u00e1nska od 58 cm<\/p>\n","protected":false},"featured_media":74065,"comment_status":"open","ping_status":"closed","template":"","meta":{"_acf_changed":false},"product_brand":[],"product_cat":[18,29],"product_tag":[],"class_list":{"0":"post-74119","1":"product","2":"type-product","3":"status-publish","4":"has-post-thumbnail","6":"product_cat-celenky","7":"product_cat-celorocne","8":"pa_size-l-xl-en","9":"pa_size-s-m","11":"first","12":"instock","13":"sale","14":"shipping-taxable","15":"purchasable","16":"product-type-variable"},"acf":[],"_links":{"self":[{"href":"https:\/\/nanukclothing.com\/en\/wp-json\/wp\/v2\/product\/74119","targetHints":{"allow":["GET"]}}],"collection":[{"href":"https:\/\/nanukclothing.com\/en\/wp-json\/wp\/v2\/product"}],"about":[{"href":"https:\/\/nanukclothing.com\/en\/wp-json\/wp\/v2\/types\/product"}],"replies":[{"embeddable":true,"href":"https:\/\/nanukclothing.com\/en\/wp-json\/wp\/v2\/comments?post=74119"}],"wp:featuredmedia":[{"embeddable":true,"href":"https:\/\/nanukclothing.com\/en\/wp-json\/wp\/v2\/media\/74065"}],"wp:attachment":[{"href":"https:\/\/nanukclothing.com\/en\/wp-json\/wp\/v2\/media?parent=74119"}],"wp:term":[{"taxonomy":"product_brand","embeddable":true,"href":"https:\/\/nanukclothing.com\/en\/wp-json\/wp\/v2\/product_brand?post=74119"},{"taxonomy":"product_cat","embeddable":true,"href":"https:\/\/nanukclothing.com\/en\/wp-json\/wp\/v2\/product_cat?post=74119"},{"taxonomy":"product_tag","embeddable":true,"href":"https:\/\/nanukclothing.com\/en\/wp-json\/wp\/v2\/product_tag?post=74119"}],"curies":[{"name":"wp","href":"https:\/\/api.w.org\/{rel}","templated":true}]}}